{"id":1558,"date":"2022-11-16T11:31:00","date_gmt":"2022-11-16T09:31:00","guid":{"rendered":"https:\/\/tfcindustrial.com\/engineers-brain-mechanics-hands\/"},"modified":"2023-03-16T18:11:28","modified_gmt":"2023-03-16T16:11:28","slug":"engineers-brain-mechanics-hands","status":"publish","type":"page","link":"https:\/\/tfcindustrial.com\/en\/","title":{"rendered":"Engineer\u2019s brain. Mechanic\u2019s hands"},"content":{"rendered":"\n<div class=\"wp-block-tfc-blocks-cabecera maq_contenidor\"><div class=\"mod_cabecera slider js_slider mes_alt\">\n<div class=\"wp-block-tfc-blocks-cabecera-video amb_video\"><div class=\"img\"><div class=\"text\"><h2 class=\"com_titular_1 com_color_tfc\">Engineer\u2019s brain<br>Mechanic\u2019s hands<\/h2><\/div><div class=\"ytPlayer autoplay\" data-id-yt=\"XdkUrU3QqjM\"><\/div><\/div><\/div>\n\n\n\n<div class=\"wp-block-tfc-blocks-cabecera-imagen\"><div class=\"img\" style=\"background-image:url('https:\/\/tfcindustrial.com\/wp-content\/uploads\/2022\/11\/Projectes-15.jpg')\"><div class=\"text\"><h2 class=\"com_titular_1 com_color_tfc\">In-house<br>engineering<\/h2><\/div><\/div><\/div>\n<\/div><\/div>\n\n\n\n<div class=\"wp-block-tfc-blocks-tabulador maq_contenidor aos_right\"><div class=\"inner\">\n<h2 class=\"is-style-tfc-titular-gran has-tfc-gris-color has-text-color wp-block-heading\">Strategy<br>and global<br>vision<\/h2>\n<\/div><\/div>\n\n\n\n<div class=\"wp-block-columns is-layout-flex wp-container-core-columns-is-layout-9d6595d7 wp-block-columns-is-layout-flex\">\n<div class=\"wp-block-column aos is-layout-flow wp-block-column-is-layout-flow\">\n<h2 class=\"is-style-tfc-titular-petit has-tfc-vermell-color has-text-color wp-block-heading\">Our seven decades as mechanics form the solid foundation of our knowledge in engineering and projects.<\/h2>\n\n\n\n<h2 class=\"is-style-tfc-titular-petit has-tfc-vermell-color has-text-color wp-block-heading\">The slogan &#8220;Engineer&#8217;s brain. Mechanic&#8217;s hands&#8221; emerged naturally from this path.<\/h2>\n<\/div>\n\n\n\n<div class=\"wp-block-column aos_100 is-layout-flow wp-block-column-is-layout-flow\">\n<p>As professionals in engineering, metallurgy and industrial mechanics, we serve companies across sectors and of all sizes, from small and medium-sized businesses to large multinationals.<\/p>\n\n\n\n<p>We approach each project as a unique and exciting challenge, seeking the optimal and specific solution for each client. With our in-house engineering, we are a workshop capable of providing a comprehensive service, with digital technologies like 3D simulation, which makes it possible to preview the project before it starts.<\/p>\n<\/div>\n\n\n\n<div class=\"wp-block-column aos_200 is-layout-flow wp-block-column-is-layout-flow\">\n<p>TFC Industrial Projects also understands Corporate Social Responsibility (CSR) as a way of guiding the company, based on how it manages the impacts of its activities on clients, professionals, collaborators and society in general.<\/p>\n\n\n\n<p class=\"wp-block-tfc-blocks-more com_more\"><a class=\"\" href=\"https:\/\/tfcindustrial.com\/quienes-somos\/\">+ INFO<span class=\"icon-dreta\"><\/span><\/a><\/p>\n<\/div>\n<\/div>\n\n\n\n<div class=\"wp-block-tfc-blocks-enginyeriaserveis mod_enginyeria_serveis aos\"><div class=\"maq_contenidor\"><h2 class=\"com_titular_2 com_color_gris_clar com_titular_col_2_3\">Engineering and<br>Industrial Services<\/h2><div class=\"mod_projectes\"><div class=\"shortcode\"><ul><li ><a href=\"https:\/\/tfcindustrial.com\/en\/enginyeria-servei\/engineering\/\">Engineering <span class=\"icon-projectes\"><\/span><\/a><\/li><li ><a href=\"https:\/\/tfcindustrial.com\/en\/enginyeria-servei\/boilermaking\/\">Boilermaking <span class=\"icon-formats\"><\/span><\/a><\/li><li ><a href=\"https:\/\/tfcindustrial.com\/en\/enginyeria-servei\/pipelines\/\">Pipelines <span class=\"icon-caldereria\"><\/span><\/a><\/li><li ><a href=\"https:\/\/tfcindustrial.com\/en\/enginyeria-servei\/safety\/\">Safety <span class=\"icon-verticals\"><\/span><\/a><\/li><li ><a href=\"https:\/\/tfcindustrial.com\/en\/enginyeria-servei\/structures\/\">Structures <span class=\"icon-soldadura\"><\/span><\/a><\/li><li ><a href=\"https:\/\/tfcindustrial.com\/en\/enginyeria-servei\/mechanics-and-industrial-maintenance\/\">Mechanics and industrial maintenance <span class=\"icon-manteniment\"><\/span><\/a><\/li><li ><a href=\"https:\/\/tfcindustrial.com\/en\/enginyeria-servei\/architecture-and-design\/\">Architecture and design <span class=\"icon-serralleria\"><\/span><\/a><\/li><\/ul><\/div><\/div><\/div><\/div>\n\n\n\n<div class=\"wp-block-tfc-blocks-casosexit mod_proyectos-noticias aos\"><div class=\"maq_contenidor\"><h2 class=\"com_titular_2 com_color_tfc com_titular_col_2_3\">Discover our<br>projects<\/h2><div class=\"shortcode\"><div class=\"slider js_slider\"><div class=\"slide el_relacionat\"><a href=\"https:\/\/tfcindustrial.com\/en\/cas-exit\/filtration-company\/\"><img loading=\"lazy\" decoding=\"async\" width=\"600\" height=\"600\" src=\"https:\/\/tfcindustrial.com\/wp-content\/uploads\/2023\/02\/Cas-Ecotec-02-600x600.jpg\" class=\"attachment-tfc_quadres_grans size-tfc_quadres_grans wp-post-image\" alt=\"\" srcset=\"https:\/\/tfcindustrial.com\/wp-content\/uploads\/2023\/02\/Cas-Ecotec-02-600x600.jpg 600w, https:\/\/tfcindustrial.com\/wp-content\/uploads\/2023\/02\/Cas-Ecotec-02-150x150.jpg 150w, https:\/\/tfcindustrial.com\/wp-content\/uploads\/2023\/02\/Cas-Ecotec-02-440x440.jpg 440w\" sizes=\"auto, (max-width: 600px) 100vw, 600px\" \/><div class=\"text\"><p class=\"com_titular_5\">Filtration company<\/p><p class=\"com_more\">+ INFO <span class=\"icon-dreta\"><\/span><\/p><\/div><\/a><\/div><div class=\"slide el_relacionat\"><a href=\"https:\/\/tfcindustrial.com\/en\/cas-exit\/fabrica-de-carton-ondulado\/\"><img loading=\"lazy\" decoding=\"async\" width=\"600\" height=\"600\" src=\"https:\/\/tfcindustrial.com\/wp-content\/uploads\/2023\/02\/Barana-imatge-presa-retocada-600x600.jpg\" class=\"attachment-tfc_quadres_grans size-tfc_quadres_grans wp-post-image\" alt=\"\" srcset=\"https:\/\/tfcindustrial.com\/wp-content\/uploads\/2023\/02\/Barana-imatge-presa-retocada-600x600.jpg 600w, https:\/\/tfcindustrial.com\/wp-content\/uploads\/2023\/02\/Barana-imatge-presa-retocada-150x150.jpg 150w, https:\/\/tfcindustrial.com\/wp-content\/uploads\/2023\/02\/Barana-imatge-presa-retocada-440x440.jpg 440w\" sizes=\"auto, (max-width: 600px) 100vw, 600px\" \/><div class=\"text\"><p class=\"com_titular_5\">Safety GRP railings at the \"Llosa del Cavall\" reservoir<\/p><p class=\"com_more\">+ INFO <span class=\"icon-dreta\"><\/span><\/p><\/div><\/a><\/div><div class=\"slide el_relacionat\"><a href=\"https:\/\/tfcindustrial.com\/en\/cas-exit\/fabrica-de-carton-ondulado-2\/\"><img loading=\"lazy\" decoding=\"async\" width=\"600\" height=\"600\" src=\"https:\/\/tfcindustrial.com\/wp-content\/uploads\/2025\/02\/Vista-general-instal.lacio-1-600x600.jpeg\" class=\"attachment-tfc_quadres_grans size-tfc_quadres_grans wp-post-image\" alt=\"Conexi\u00f3n de cuatro cargaderos para 10 dep\u00f3sitos en instalaci\u00f3n Petroqu\u00edmica\" srcset=\"https:\/\/tfcindustrial.com\/wp-content\/uploads\/2025\/02\/Vista-general-instal.lacio-1-600x600.jpeg 600w, https:\/\/tfcindustrial.com\/wp-content\/uploads\/2025\/02\/Vista-general-instal.lacio-1-150x150.jpeg 150w, https:\/\/tfcindustrial.com\/wp-content\/uploads\/2025\/02\/Vista-general-instal.lacio-1-440x440.jpeg 440w\" sizes=\"auto, (max-width: 600px) 100vw, 600px\" \/><div class=\"text\"><p class=\"com_titular_5\">Petrochemical Plant in Motril<\/p><p class=\"com_more\">+ INFO <span class=\"icon-dreta\"><\/span><\/p><\/div><\/a><\/div><div class=\"slide el_relacionat\"><a href=\"https:\/\/tfcindustrial.com\/en\/cas-exit\/public-works-heritage\/\"><img loading=\"lazy\" decoding=\"async\" width=\"600\" height=\"600\" src=\"https:\/\/tfcindustrial.com\/wp-content\/uploads\/2023\/02\/Cas-Abric-Romani-02-600x600.jpg\" class=\"attachment-tfc_quadres_grans size-tfc_quadres_grans wp-post-image\" alt=\"\" srcset=\"https:\/\/tfcindustrial.com\/wp-content\/uploads\/2023\/02\/Cas-Abric-Romani-02-600x600.jpg 600w, https:\/\/tfcindustrial.com\/wp-content\/uploads\/2023\/02\/Cas-Abric-Romani-02-150x150.jpg 150w, https:\/\/tfcindustrial.com\/wp-content\/uploads\/2023\/02\/Cas-Abric-Romani-02-440x440.jpg 440w\" sizes=\"auto, (max-width: 600px) 100vw, 600px\" \/><div class=\"text\"><p class=\"com_titular_5\">Public works Heritage<\/p><p class=\"com_more\">+ INFO <span class=\"icon-dreta\"><\/span><\/p><\/div><\/a><\/div><div class=\"slide el_relacionat\"><a href=\"https:\/\/tfcindustrial.com\/en\/cas-exit\/environmental-public-works\/\"><img loading=\"lazy\" decoding=\"async\" width=\"600\" height=\"600\" src=\"https:\/\/tfcindustrial.com\/wp-content\/uploads\/2023\/02\/Cas-Panta-de-Foix-04-600x600.jpg\" class=\"attachment-tfc_quadres_grans size-tfc_quadres_grans wp-post-image\" alt=\"\" srcset=\"https:\/\/tfcindustrial.com\/wp-content\/uploads\/2023\/02\/Cas-Panta-de-Foix-04-600x600.jpg 600w, https:\/\/tfcindustrial.com\/wp-content\/uploads\/2023\/02\/Cas-Panta-de-Foix-04-150x150.jpg 150w, https:\/\/tfcindustrial.com\/wp-content\/uploads\/2023\/02\/Cas-Panta-de-Foix-04-440x440.jpg 440w\" sizes=\"auto, (max-width: 600px) 100vw, 600px\" \/><div class=\"text\"><p class=\"com_titular_5\">Environmental public works<\/p><p class=\"com_more\">+ INFO <span class=\"icon-dreta\"><\/span><\/p><\/div><\/a><\/div><div class=\"slide el_relacionat\"><a href=\"https:\/\/tfcindustrial.com\/en\/cas-exit\/paper-factory\/\"><img loading=\"lazy\" decoding=\"async\" width=\"600\" height=\"600\" src=\"https:\/\/tfcindustrial.com\/wp-content\/uploads\/2023\/02\/Cas-Iberboard-01-600x600.jpg\" class=\"attachment-tfc_quadres_grans size-tfc_quadres_grans wp-post-image\" alt=\"\" srcset=\"https:\/\/tfcindustrial.com\/wp-content\/uploads\/2023\/02\/Cas-Iberboard-01-600x600.jpg 600w, https:\/\/tfcindustrial.com\/wp-content\/uploads\/2023\/02\/Cas-Iberboard-01-150x150.jpg 150w, https:\/\/tfcindustrial.com\/wp-content\/uploads\/2023\/02\/Cas-Iberboard-01-440x440.jpg 440w\" sizes=\"auto, (max-width: 600px) 100vw, 600px\" \/><div class=\"text\"><p class=\"com_titular_5\">Paper factory<\/p><p class=\"com_more\">+ INFO <span class=\"icon-dreta\"><\/span><\/p><\/div><\/a><\/div><div class=\"slide el_relacionat\"><a href=\"https:\/\/tfcindustrial.com\/en\/cas-exit\/paper-factory-2\/\"><img loading=\"lazy\" decoding=\"async\" width=\"600\" height=\"600\" src=\"https:\/\/tfcindustrial.com\/wp-content\/uploads\/2023\/02\/Cas-J-Vilseca-01-600x600.jpg\" class=\"attachment-tfc_quadres_grans size-tfc_quadres_grans wp-post-image\" alt=\"\" srcset=\"https:\/\/tfcindustrial.com\/wp-content\/uploads\/2023\/02\/Cas-J-Vilseca-01-600x600.jpg 600w, https:\/\/tfcindustrial.com\/wp-content\/uploads\/2023\/02\/Cas-J-Vilseca-01-150x150.jpg 150w, https:\/\/tfcindustrial.com\/wp-content\/uploads\/2023\/02\/Cas-J-Vilseca-01-440x440.jpg 440w\" sizes=\"auto, (max-width: 600px) 100vw, 600px\" \/><div class=\"text\"><p class=\"com_titular_5\">Paper factory<\/p><p class=\"com_more\">+ INFO <span class=\"icon-dreta\"><\/span><\/p><\/div><\/a><\/div><div class=\"slide el_relacionat\"><a href=\"https:\/\/tfcindustrial.com\/en\/cas-exit\/cogeneration\/\"><img loading=\"lazy\" decoding=\"async\" width=\"600\" height=\"600\" src=\"https:\/\/tfcindustrial.com\/wp-content\/uploads\/2023\/02\/Cas-Rofeica-04-600x600.jpg\" class=\"attachment-tfc_quadres_grans size-tfc_quadres_grans wp-post-image\" alt=\"\" srcset=\"https:\/\/tfcindustrial.com\/wp-content\/uploads\/2023\/02\/Cas-Rofeica-04-600x600.jpg 600w, https:\/\/tfcindustrial.com\/wp-content\/uploads\/2023\/02\/Cas-Rofeica-04-150x150.jpg 150w, https:\/\/tfcindustrial.com\/wp-content\/uploads\/2023\/02\/Cas-Rofeica-04-440x440.jpg 440w\" sizes=\"auto, (max-width: 600px) 100vw, 600px\" \/><div class=\"text\"><p class=\"com_titular_5\">Cogeneration<\/p><p class=\"com_more\">+ INFO <span class=\"icon-dreta\"><\/span><\/p><\/div><\/a><\/div><div class=\"slide el_relacionat\"><a href=\"https:\/\/tfcindustrial.com\/en\/cas-exit\/structure-and-installation-for-an-equestrian\/\"><img loading=\"lazy\" decoding=\"async\" width=\"600\" height=\"600\" src=\"https:\/\/tfcindustrial.com\/wp-content\/uploads\/2023\/02\/Cas-Hipica-01-600x600.jpg\" class=\"attachment-tfc_quadres_grans size-tfc_quadres_grans wp-post-image\" alt=\"\" srcset=\"https:\/\/tfcindustrial.com\/wp-content\/uploads\/2023\/02\/Cas-Hipica-01-600x600.jpg 600w, https:\/\/tfcindustrial.com\/wp-content\/uploads\/2023\/02\/Cas-Hipica-01-150x150.jpg 150w, https:\/\/tfcindustrial.com\/wp-content\/uploads\/2023\/02\/Cas-Hipica-01-440x440.jpg 440w\" sizes=\"auto, (max-width: 600px) 100vw, 600px\" \/><div class=\"text\"><p class=\"com_titular_5\">Structure and installation for an equestrian<\/p><p class=\"com_more\">+ INFO <span class=\"icon-dreta\"><\/span><\/p><\/div><\/a><\/div><div class=\"slide el_relacionat\"><a href=\"https:\/\/tfcindustrial.com\/en\/cas-exit\/packaging-factory-for-the-food-sector\/\"><img loading=\"lazy\" decoding=\"async\" width=\"600\" height=\"600\" src=\"https:\/\/tfcindustrial.com\/wp-content\/uploads\/2023\/02\/Cas-Karibu-01-600x600.jpg\" class=\"attachment-tfc_quadres_grans size-tfc_quadres_grans wp-post-image\" alt=\"\" srcset=\"https:\/\/tfcindustrial.com\/wp-content\/uploads\/2023\/02\/Cas-Karibu-01-600x600.jpg 600w, https:\/\/tfcindustrial.com\/wp-content\/uploads\/2023\/02\/Cas-Karibu-01-150x150.jpg 150w, https:\/\/tfcindustrial.com\/wp-content\/uploads\/2023\/02\/Cas-Karibu-01-440x440.jpg 440w\" sizes=\"auto, (max-width: 600px) 100vw, 600px\" \/><div class=\"text\"><p class=\"com_titular_5\">Packaging factory for the food sector<\/p><p class=\"com_more\">+ INFO <span class=\"icon-dreta\"><\/span><\/p><\/div><\/a><\/div><\/div><\/div><\/div><\/div>\n","protected":false},"excerpt":{"rendered":"<p>Our seven decades as mechanics form the solid foundation of our knowledge in engineering and projects. The slogan &#8220;Engineer&#8217;s brain. Mechanic&#8217;s hands&#8221; emerged naturally from this path. As professionals in engineering, metallurgy and industrial mechanics, we serve companies across sectors and of all sizes, from small and medium-sized businesses to large multinationals. We approach each [&hellip;]<\/p>\n","protected":false},"author":1,"featured_media":0,"parent":0,"menu_order":0,"comment_status":"closed","ping_status":"closed","template":"","meta":{"footnotes":""},"class_list":["post-1558","page","type-page","status-publish","hentry"],"_links":{"self":[{"href":"https:\/\/tfcindustrial.com\/en\/wp-json\/wp\/v2\/pages\/1558","targetHints":{"allow":["GET"]}}],"collection":[{"href":"https:\/\/tfcindustrial.com\/en\/wp-json\/wp\/v2\/pages"}],"about":[{"href":"https:\/\/tfcindustrial.com\/en\/wp-json\/wp\/v2\/types\/page"}],"author":[{"embeddable":true,"href":"https:\/\/tfcindustrial.com\/en\/wp-json\/wp\/v2\/users\/1"}],"replies":[{"embeddable":true,"href":"https:\/\/tfcindustrial.com\/en\/wp-json\/wp\/v2\/comments?post=1558"}],"version-history":[{"count":9,"href":"https:\/\/tfcindustrial.com\/en\/wp-json\/wp\/v2\/pages\/1558\/revisions"}],"predecessor-version":[{"id":1847,"href":"https:\/\/tfcindustrial.com\/en\/wp-json\/wp\/v2\/pages\/1558\/revisions\/1847"}],"wp:attachment":[{"href":"https:\/\/tfcindustrial.com\/en\/wp-json\/wp\/v2\/media?parent=1558"}],"curies":[{"name":"wp","href":"https:\/\/api.w.org\/{rel}","templated":true}]}}