{"id":1559,"date":"2022-11-16T11:31:00","date_gmt":"2022-11-16T09:31:00","guid":{"rendered":"https:\/\/tfcindustrial.com\/engineers-brain-mechanics-hands\/"},"modified":"2024-10-09T12:46:14","modified_gmt":"2024-10-09T10:46:14","slug":"engineers-brain-mechanics-hands","status":"publish","type":"page","link":"https:\/\/tfcindustrial.com\/ca\/","title":{"rendered":"Engineer\u2019s brain. Mechanic\u2019s hands"},"content":{"rendered":"\n<div class=\"wp-block-tfc-blocks-cabecera maq_contenidor\"><div class=\"mod_cabecera slider js_slider mes_alt\">\n<div class=\"wp-block-tfc-blocks-cabecera-video amb_video\"><div class=\"img\"><div class=\"text\"><h2 class=\"com_titular_1 com_color_tfc\">Engineer\u2019s brain<br>Mechanic\u2019s hands<\/h2><\/div><div class=\"ytPlayer autoplay\" data-id-yt=\"XdkUrU3QqjM\"><\/div><\/div><\/div>\n\n\n\n<div class=\"wp-block-tfc-blocks-cabecera-imagen\"><div class=\"img\" style=\"background-image:url('https:\/\/tfcindustrial.com\/wp-content\/uploads\/2022\/11\/Projectes-15.jpg')\"><div class=\"text\"><h2 class=\"com_titular_1 com_color_tfc\">Enginyeria<br>pr\u00f2pia<\/h2><\/div><\/div><\/div>\n<\/div><\/div>\n\n\n\n<div class=\"wp-block-tfc-blocks-tabulador maq_contenidor aos_right\"><div class=\"inner\">\n<h2 class=\"wp-block-heading is-style-tfc-titular-gran has-tfc-gris-color has-text-color\">Estrat\u00e8gia i<br>visi\u00f3<br>global<\/h2>\n<\/div><\/div>\n\n\n\n<div class=\"wp-block-columns is-layout-flex wp-container-core-columns-is-layout-9d6595d7 wp-block-columns-is-layout-flex\">\n<div class=\"wp-block-column aos is-layout-flow wp-block-column-is-layout-flow\">\n<h2 class=\"wp-block-heading is-style-tfc-titular-petit has-tfc-vermell-color has-text-color\">7&nbsp;d\u00e8cades com a mec\u00e0nics s\u00f3n la s\u00f2lida base del nostre coneixement en enginyeria i projectes. <\/h2>\n\n\n\n<h2 class=\"wp-block-heading is-style-tfc-titular-petit has-tfc-vermell-color has-text-color\">D&#8217;aquesta traject\u00f2ria neix l&#8217;esl\u00f2gan <em>&#8220;Engineer\u2019s brain. Mechanic\u2019s hands&#8221;<\/em><\/h2>\n<\/div>\n\n\n\n<div class=\"wp-block-column aos_100 is-layout-flow wp-block-column-is-layout-flow\">\n<p>Som professionals de l&#8217;enginyeria, la metal\u00b7l\u00fargia i la mec\u00e0nica industrial, prestant servei a empreses de diversos sectors independentment de la seva dimensi\u00f3, des de petites i mitjanes empreses fins a grans multinacionals.<\/p>\n\n\n\n<p>Abordem cada projecte com un repte \u00fanic i apassionant. Buscant la soluci\u00f3 \u00f2ptima i espec\u00edfica per a cada client. Amb enginyeria pr\u00f2pia, som un taller capacitat per prestar un servei integral, amb tecnologies digitals com ara la simulaci\u00f3 3D, que permet la visualitzaci\u00f3 pr\u00e8via del projecte abans del seu inici.<\/p>\n<\/div>\n\n\n\n<div class=\"wp-block-column aos_200 is-layout-flow wp-block-column-is-layout-flow\">\n<p>TFC&nbsp;Industrial&nbsp;Projects&nbsp;tamb\u00e9 ent\u00e9n la Responsabilitat Social Corporativa (RSC) com una manera d&#8217;orientar l&#8217;empresa, basada en la manera de gestionar els impactes que genera la seva activitat sobre els seus clients, professionals, col\u00b7laboradors i la societat en general.<\/p>\n\n\n\n<p class=\"wp-block-tfc-blocks-more com_more\"><a class=\"\" href=\"https:\/\/tfcindustrial.com\/quienes-somos\/\">+ INFO<span class=\"icon-dreta\"><\/span><\/a><\/p>\n<\/div>\n<\/div>\n\n\n\n<div class=\"wp-block-tfc-blocks-enginyeriaserveis mod_enginyeria_serveis aos\"><div class=\"maq_contenidor\"><h2 class=\"com_titular_2 com_color_gris_clar com_titular_col_2_3\">Enginyeria i<br>Serveis Industrials<\/h2><div class=\"mod_projectes\"><div class=\"shortcode\"><ul><li ><a href=\"https:\/\/tfcindustrial.com\/ca\/enginyeria-servei\/enginyeria\/\">Enginyeria <span class=\"icon-projectes\"><\/span><\/a><\/li><li ><a href=\"https:\/\/tfcindustrial.com\/ca\/enginyeria-servei\/caldereria\/\">Caldereria <span class=\"icon-formats\"><\/span><\/a><\/li><li ><a href=\"https:\/\/tfcindustrial.com\/ca\/enginyeria-servei\/canonades\/\">Canonades <span class=\"icon-caldereria\"><\/span><\/a><\/li><li ><a href=\"https:\/\/tfcindustrial.com\/ca\/enginyeria-servei\/seguretat\/\">Seguretat <span class=\"icon-verticals\"><\/span><\/a><\/li><li ><a href=\"https:\/\/tfcindustrial.com\/ca\/enginyeria-servei\/estructures\/\">Estructures <span class=\"icon-soldadura\"><\/span><\/a><\/li><li ><a href=\"https:\/\/tfcindustrial.com\/ca\/enginyeria-servei\/mecanica-i-manteniment-industrial\/\">Mec\u00e0nica i manteniment industrial <span class=\"icon-manteniment\"><\/span><\/a><\/li><li ><a href=\"https:\/\/tfcindustrial.com\/ca\/enginyeria-servei\/arquitectura-i-disseny\/\">Arquitectura i disseny <span class=\"icon-serralleria\"><\/span><\/a><\/li><\/ul><\/div><\/div><\/div><\/div>\n\n\n\n<div class=\"wp-block-tfc-blocks-casosexit mod_proyectos-noticias aos\"><div class=\"maq_contenidor\"><h2 class=\"com_titular_2 com_color_tfc com_titular_col_2_3\">Descobreix els nostres<br>projectes<\/h2><div class=\"shortcode\"><div class=\"slider js_slider\"><div class=\"slide el_relacionat\"><a href=\"https:\/\/tfcindustrial.com\/ca\/cas-exit\/empresa-de-filtracio\/\"><img loading=\"lazy\" decoding=\"async\" width=\"600\" height=\"600\" src=\"https:\/\/tfcindustrial.com\/wp-content\/uploads\/2023\/02\/Cas-Ecotec-02-600x600.jpg\" class=\"attachment-tfc_quadres_grans size-tfc_quadres_grans wp-post-image\" alt=\"\" srcset=\"https:\/\/tfcindustrial.com\/wp-content\/uploads\/2023\/02\/Cas-Ecotec-02-600x600.jpg 600w, https:\/\/tfcindustrial.com\/wp-content\/uploads\/2023\/02\/Cas-Ecotec-02-150x150.jpg 150w, https:\/\/tfcindustrial.com\/wp-content\/uploads\/2023\/02\/Cas-Ecotec-02-440x440.jpg 440w\" sizes=\"auto, (max-width: 600px) 100vw, 600px\" \/><div class=\"text\"><p class=\"com_titular_5\">Empresa de filtraci\u00f3<\/p><p class=\"com_more\">+ INFO <span class=\"icon-dreta\"><\/span><\/p><\/div><\/a><\/div><div class=\"slide el_relacionat\"><a href=\"https:\/\/tfcindustrial.com\/ca\/cas-exit\/fabrica-de-carton-ondulado\/\"><img loading=\"lazy\" decoding=\"async\" width=\"600\" height=\"600\" src=\"https:\/\/tfcindustrial.com\/wp-content\/uploads\/2023\/02\/Barana-imatge-presa-retocada-600x600.jpg\" class=\"attachment-tfc_quadres_grans size-tfc_quadres_grans wp-post-image\" alt=\"\" srcset=\"https:\/\/tfcindustrial.com\/wp-content\/uploads\/2023\/02\/Barana-imatge-presa-retocada-600x600.jpg 600w, https:\/\/tfcindustrial.com\/wp-content\/uploads\/2023\/02\/Barana-imatge-presa-retocada-150x150.jpg 150w, https:\/\/tfcindustrial.com\/wp-content\/uploads\/2023\/02\/Barana-imatge-presa-retocada-440x440.jpg 440w\" sizes=\"auto, (max-width: 600px) 100vw, 600px\" \/><div class=\"text\"><p class=\"com_titular_5\">Baranes de Seguretat en PRFV embassament \"Llosa del Cavall\"<\/p><p class=\"com_more\">+ INFO <span class=\"icon-dreta\"><\/span><\/p><\/div><\/a><\/div><div class=\"slide el_relacionat\"><a href=\"https:\/\/tfcindustrial.com\/ca\/cas-exit\/fabrica-de-carton-ondulado-2\/\"><img loading=\"lazy\" decoding=\"async\" width=\"600\" height=\"600\" src=\"https:\/\/tfcindustrial.com\/wp-content\/uploads\/2025\/02\/Vista-general-instal.lacio-1-600x600.jpeg\" class=\"attachment-tfc_quadres_grans size-tfc_quadres_grans wp-post-image\" alt=\"Conexi\u00f3n de cuatro cargaderos para 10 dep\u00f3sitos en instalaci\u00f3n Petroqu\u00edmica\" srcset=\"https:\/\/tfcindustrial.com\/wp-content\/uploads\/2025\/02\/Vista-general-instal.lacio-1-600x600.jpeg 600w, https:\/\/tfcindustrial.com\/wp-content\/uploads\/2025\/02\/Vista-general-instal.lacio-1-150x150.jpeg 150w, https:\/\/tfcindustrial.com\/wp-content\/uploads\/2025\/02\/Vista-general-instal.lacio-1-440x440.jpeg 440w\" sizes=\"auto, (max-width: 600px) 100vw, 600px\" \/><div class=\"text\"><p class=\"com_titular_5\">Planta Petroqu\u00edmica Motril<\/p><p class=\"com_more\">+ INFO <span class=\"icon-dreta\"><\/span><\/p><\/div><\/a><\/div><div class=\"slide el_relacionat\"><a href=\"https:\/\/tfcindustrial.com\/ca\/cas-exit\/obra-publica-patrimoni\/\"><img loading=\"lazy\" decoding=\"async\" width=\"600\" height=\"600\" src=\"https:\/\/tfcindustrial.com\/wp-content\/uploads\/2023\/02\/Cas-Abric-Romani-02-600x600.jpg\" class=\"attachment-tfc_quadres_grans size-tfc_quadres_grans wp-post-image\" alt=\"\" srcset=\"https:\/\/tfcindustrial.com\/wp-content\/uploads\/2023\/02\/Cas-Abric-Romani-02-600x600.jpg 600w, https:\/\/tfcindustrial.com\/wp-content\/uploads\/2023\/02\/Cas-Abric-Romani-02-150x150.jpg 150w, https:\/\/tfcindustrial.com\/wp-content\/uploads\/2023\/02\/Cas-Abric-Romani-02-440x440.jpg 440w\" sizes=\"auto, (max-width: 600px) 100vw, 600px\" \/><div class=\"text\"><p class=\"com_titular_5\">Obra p\u00fablica Patrimoni<\/p><p class=\"com_more\">+ INFO <span class=\"icon-dreta\"><\/span><\/p><\/div><\/a><\/div><div class=\"slide el_relacionat\"><a href=\"https:\/\/tfcindustrial.com\/ca\/cas-exit\/obra-publica-mediambiental\/\"><img loading=\"lazy\" decoding=\"async\" width=\"600\" height=\"600\" src=\"https:\/\/tfcindustrial.com\/wp-content\/uploads\/2023\/02\/Cas-Panta-de-Foix-04-600x600.jpg\" class=\"attachment-tfc_quadres_grans size-tfc_quadres_grans wp-post-image\" alt=\"\" srcset=\"https:\/\/tfcindustrial.com\/wp-content\/uploads\/2023\/02\/Cas-Panta-de-Foix-04-600x600.jpg 600w, https:\/\/tfcindustrial.com\/wp-content\/uploads\/2023\/02\/Cas-Panta-de-Foix-04-150x150.jpg 150w, https:\/\/tfcindustrial.com\/wp-content\/uploads\/2023\/02\/Cas-Panta-de-Foix-04-440x440.jpg 440w\" sizes=\"auto, (max-width: 600px) 100vw, 600px\" \/><div class=\"text\"><p class=\"com_titular_5\">Obra p\u00fablica mediambiental<\/p><p class=\"com_more\">+ INFO <span class=\"icon-dreta\"><\/span><\/p><\/div><\/a><\/div><div class=\"slide el_relacionat\"><a href=\"https:\/\/tfcindustrial.com\/ca\/cas-exit\/fabrica-de-paper\/\"><img loading=\"lazy\" decoding=\"async\" width=\"600\" height=\"600\" src=\"https:\/\/tfcindustrial.com\/wp-content\/uploads\/2023\/02\/Cas-Iberboard-01-600x600.jpg\" class=\"attachment-tfc_quadres_grans size-tfc_quadres_grans wp-post-image\" alt=\"\" srcset=\"https:\/\/tfcindustrial.com\/wp-content\/uploads\/2023\/02\/Cas-Iberboard-01-600x600.jpg 600w, https:\/\/tfcindustrial.com\/wp-content\/uploads\/2023\/02\/Cas-Iberboard-01-150x150.jpg 150w, https:\/\/tfcindustrial.com\/wp-content\/uploads\/2023\/02\/Cas-Iberboard-01-440x440.jpg 440w\" sizes=\"auto, (max-width: 600px) 100vw, 600px\" \/><div class=\"text\"><p class=\"com_titular_5\">F\u00e0brica de paper<\/p><p class=\"com_more\">+ INFO <span class=\"icon-dreta\"><\/span><\/p><\/div><\/a><\/div><div class=\"slide el_relacionat\"><a href=\"https:\/\/tfcindustrial.com\/ca\/cas-exit\/fabrica-de-paper-2\/\"><img loading=\"lazy\" decoding=\"async\" width=\"600\" height=\"600\" src=\"https:\/\/tfcindustrial.com\/wp-content\/uploads\/2023\/02\/Cas-J-Vilseca-01-600x600.jpg\" class=\"attachment-tfc_quadres_grans size-tfc_quadres_grans wp-post-image\" alt=\"\" srcset=\"https:\/\/tfcindustrial.com\/wp-content\/uploads\/2023\/02\/Cas-J-Vilseca-01-600x600.jpg 600w, https:\/\/tfcindustrial.com\/wp-content\/uploads\/2023\/02\/Cas-J-Vilseca-01-150x150.jpg 150w, https:\/\/tfcindustrial.com\/wp-content\/uploads\/2023\/02\/Cas-J-Vilseca-01-440x440.jpg 440w\" sizes=\"auto, (max-width: 600px) 100vw, 600px\" \/><div class=\"text\"><p class=\"com_titular_5\">F\u00e0brica de paper<\/p><p class=\"com_more\">+ INFO <span class=\"icon-dreta\"><\/span><\/p><\/div><\/a><\/div><div class=\"slide el_relacionat\"><a href=\"https:\/\/tfcindustrial.com\/ca\/cas-exit\/cogeneracio\/\"><img loading=\"lazy\" decoding=\"async\" width=\"600\" height=\"600\" src=\"https:\/\/tfcindustrial.com\/wp-content\/uploads\/2023\/02\/Cas-Rofeica-04-600x600.jpg\" class=\"attachment-tfc_quadres_grans size-tfc_quadres_grans wp-post-image\" alt=\"\" srcset=\"https:\/\/tfcindustrial.com\/wp-content\/uploads\/2023\/02\/Cas-Rofeica-04-600x600.jpg 600w, https:\/\/tfcindustrial.com\/wp-content\/uploads\/2023\/02\/Cas-Rofeica-04-150x150.jpg 150w, https:\/\/tfcindustrial.com\/wp-content\/uploads\/2023\/02\/Cas-Rofeica-04-440x440.jpg 440w\" sizes=\"auto, (max-width: 600px) 100vw, 600px\" \/><div class=\"text\"><p class=\"com_titular_5\">Cogeneraci\u00f3<\/p><p class=\"com_more\">+ INFO <span class=\"icon-dreta\"><\/span><\/p><\/div><\/a><\/div><div class=\"slide el_relacionat\"><a href=\"https:\/\/tfcindustrial.com\/ca\/cas-exit\/estructura-i-installacio-per-a-una-hipica\/\"><img loading=\"lazy\" decoding=\"async\" width=\"600\" height=\"600\" src=\"https:\/\/tfcindustrial.com\/wp-content\/uploads\/2023\/02\/Cas-Hipica-01-600x600.jpg\" class=\"attachment-tfc_quadres_grans size-tfc_quadres_grans wp-post-image\" alt=\"\" srcset=\"https:\/\/tfcindustrial.com\/wp-content\/uploads\/2023\/02\/Cas-Hipica-01-600x600.jpg 600w, https:\/\/tfcindustrial.com\/wp-content\/uploads\/2023\/02\/Cas-Hipica-01-150x150.jpg 150w, https:\/\/tfcindustrial.com\/wp-content\/uploads\/2023\/02\/Cas-Hipica-01-440x440.jpg 440w\" sizes=\"auto, (max-width: 600px) 100vw, 600px\" \/><div class=\"text\"><p class=\"com_titular_5\">Estructura i instal\u00b7laci\u00f3 per a una h\u00edpica<\/p><p class=\"com_more\">+ INFO <span class=\"icon-dreta\"><\/span><\/p><\/div><\/a><\/div><div class=\"slide el_relacionat\"><a href=\"https:\/\/tfcindustrial.com\/ca\/cas-exit\/fabrica-denvasos-per-al-sector-alimentari\/\"><img loading=\"lazy\" decoding=\"async\" width=\"600\" height=\"600\" src=\"https:\/\/tfcindustrial.com\/wp-content\/uploads\/2023\/02\/Cas-Karibu-01-600x600.jpg\" class=\"attachment-tfc_quadres_grans size-tfc_quadres_grans wp-post-image\" alt=\"\" srcset=\"https:\/\/tfcindustrial.com\/wp-content\/uploads\/2023\/02\/Cas-Karibu-01-600x600.jpg 600w, https:\/\/tfcindustrial.com\/wp-content\/uploads\/2023\/02\/Cas-Karibu-01-150x150.jpg 150w, https:\/\/tfcindustrial.com\/wp-content\/uploads\/2023\/02\/Cas-Karibu-01-440x440.jpg 440w\" sizes=\"auto, (max-width: 600px) 100vw, 600px\" \/><div class=\"text\"><p class=\"com_titular_5\">F\u00e0brica d'envasos per al sector alimentari<\/p><p class=\"com_more\">+ INFO <span class=\"icon-dreta\"><\/span><\/p><\/div><\/a><\/div><\/div><\/div><\/div><\/div>\n","protected":false},"excerpt":{"rendered":"<p>7&nbsp;d\u00e8cades com a mec\u00e0nics s\u00f3n la s\u00f2lida base del nostre coneixement en enginyeria i projectes. D&#8217;aquesta traject\u00f2ria neix l&#8217;esl\u00f2gan &#8220;Engineer\u2019s brain. Mechanic\u2019s hands&#8221; Som professionals de l&#8217;enginyeria, la metal\u00b7l\u00fargia i la mec\u00e0nica industrial, prestant servei a empreses de diversos sectors independentment de la seva dimensi\u00f3, des de petites i mitjanes empreses fins a grans multinacionals. [&hellip;]<\/p>\n","protected":false},"author":1,"featured_media":0,"parent":0,"menu_order":0,"comment_status":"closed","ping_status":"closed","template":"","meta":{"footnotes":""},"class_list":["post-1559","page","type-page","status-publish","hentry"],"_links":{"self":[{"href":"https:\/\/tfcindustrial.com\/ca\/wp-json\/wp\/v2\/pages\/1559","targetHints":{"allow":["GET"]}}],"collection":[{"href":"https:\/\/tfcindustrial.com\/ca\/wp-json\/wp\/v2\/pages"}],"about":[{"href":"https:\/\/tfcindustrial.com\/ca\/wp-json\/wp\/v2\/types\/page"}],"author":[{"embeddable":true,"href":"https:\/\/tfcindustrial.com\/ca\/wp-json\/wp\/v2\/users\/1"}],"replies":[{"embeddable":true,"href":"https:\/\/tfcindustrial.com\/ca\/wp-json\/wp\/v2\/comments?post=1559"}],"version-history":[{"count":3,"href":"https:\/\/tfcindustrial.com\/ca\/wp-json\/wp\/v2\/pages\/1559\/revisions"}],"predecessor-version":[{"id":1871,"href":"https:\/\/tfcindustrial.com\/ca\/wp-json\/wp\/v2\/pages\/1559\/revisions\/1871"}],"wp:attachment":[{"href":"https:\/\/tfcindustrial.com\/ca\/wp-json\/wp\/v2\/media?parent=1559"}],"curies":[{"name":"wp","href":"https:\/\/api.w.org\/{rel}","templated":true}]}}