{"id":1554,"date":"2022-11-16T11:37:46","date_gmt":"2022-11-16T09:37:46","guid":{"rendered":"https:\/\/tfcindustrial.com\/quienes-somos\/"},"modified":"2023-03-06T13:42:45","modified_gmt":"2023-03-06T11:42:45","slug":"qui-som","status":"publish","type":"page","link":"https:\/\/tfcindustrial.com\/ca\/qui-som\/","title":{"rendered":"Qui som"},"content":{"rendered":"\n<div class=\"wp-block-tfc-blocks-cabecera maq_contenidor\"><div class=\"mod_cabecera slider js_slider mes_alt\">\n<div class=\"wp-block-tfc-blocks-cabecera-imagen\"><div class=\"img\" style=\"background-image:url('https:\/\/tfcindustrial.com\/wp-content\/uploads\/2022\/11\/Qui-som-03.jpg')\"><div class=\"text\"><h2 class=\"com_titular_1 com_color_tfc\">7 d\u00e8cades d&#8217;experi\u00e8ncia<br>i traject\u00f2ria<\/h2><\/div><\/div><\/div>\n<\/div><\/div>\n\n\n\n<div class=\"wp-block-tfc-blocks-tabulador maq_contenidor aos_right\"><div class=\"inner\">\n<h2 class=\"is-style-tfc-titular-gran has-tfc-gris-color has-text-color wp-block-heading\">Tecnologia,<br>Servei i<br>Confian\u00e7a<\/h2>\n<\/div><\/div>\n\n\n\n<div class=\"wp-block-tfc-blocks-tabulador maq_contenidor\"><div class=\"inner\"><\/div><\/div>\n\n\n\n<div class=\"wp-block-columns is-layout-flex wp-container-core-columns-is-layout-9d6595d7 wp-block-columns-is-layout-flex\">\n<div class=\"wp-block-column aos is-layout-flow wp-block-column-is-layout-flow\">\n<h2 class=\"is-style-tfc-titular-petit has-tfc-vermell-color has-text-color wp-block-heading\">Som professionals de la metal\u00b7l\u00fargia i la mec\u00e0nica industrial, oferint servei a empreses de diversos sectors independentment de la seva dimensi\u00f3, des de petites i mitjanes empreses fins a grans multinacionals.<\/h2>\n<\/div>\n\n\n\n<div class=\"wp-block-column aos_100 is-layout-flow wp-block-column-is-layout-flow\">\n<p>Som una empresa familiar que, despr\u00e9s de dues generacions, hem situat com a nostres prioritats el tracte proper i la confian\u00e7a amb el client, la professionalitat en els nostres projectes, l&#8217;excel\u00b7l\u00e8ncia en els acabats i la permanent innovaci\u00f3.<\/p>\n\n\n\n<p>Abordem cada projecte com un repte \u00fanic i singular. Busquem la soluci\u00f3 \u00f2ptima i espec\u00edfica per a cada client, destinant sempre els recursos m\u00e9s adequats, operant amb rapidesa i efic\u00e0cia, adaptant-nos a possibles canvis amb flexibilitat i efectivitat i garantint un resultat segons els est\u00e0ndards m\u00e9s alts de qualitat i exig\u00e8ncia.<\/p>\n<\/div>\n\n\n\n<div class=\"wp-block-column aos_200 is-layout-flow wp-block-column-is-layout-flow\">\n<p>Disposem d&#8217;enginyeria pr\u00f2pia i, per tant, som una empresa capacitada per prestar un servei integral, recorrent fins i tot a les tecnologies m\u00e9s avan\u00e7ades com la simulaci\u00f3 3D, que permet la visualitzaci\u00f3 pr\u00e8via del projecte abans del seu inici.<\/p>\n\n\n\n<p>Comptem amb un personal altament capacitat i expert, unint els coneixements dels nostres professionals m\u00e9s veterans amb l&#8217;empenta dels nostres treballadors m\u00e9s joves.<\/p>\n\n\n\n<p>TFC&nbsp;Industrial&nbsp;Projects&nbsp;\u00e9s, en definitiva, una empresa capacitada i disposada a assumir qualsevol repte a l&#8217;\u00e0mbit industrial. Perqu\u00e8 amb aquesta il\u00b7lusi\u00f3 vam n\u00e9ixer el 1955 i amb aquesta motivaci\u00f3 continuem treballant avui.<\/p>\n<\/div>\n<\/div>\n\n\n\n<div style=\"height:80px\" aria-hidden=\"true\" class=\"wp-block-spacer\"><\/div>\n\n\n\n<figure class=\"wp-block-image size-full aos\"><img loading=\"lazy\" decoding=\"async\" width=\"2500\" height=\"1163\" src=\"https:\/\/tfcindustrial.com\/wp-content\/uploads\/2022\/11\/Qui-som-01.jpg\" alt=\"\" class=\"wp-image-233\" srcset=\"https:\/\/tfcindustrial.com\/wp-content\/uploads\/2022\/11\/Qui-som-01.jpg 2500w, https:\/\/tfcindustrial.com\/wp-content\/uploads\/2022\/11\/Qui-som-01-300x140.jpg 300w, https:\/\/tfcindustrial.com\/wp-content\/uploads\/2022\/11\/Qui-som-01-1024x476.jpg 1024w, https:\/\/tfcindustrial.com\/wp-content\/uploads\/2022\/11\/Qui-som-01-768x357.jpg 768w, https:\/\/tfcindustrial.com\/wp-content\/uploads\/2022\/11\/Qui-som-01-1536x715.jpg 1536w, https:\/\/tfcindustrial.com\/wp-content\/uploads\/2022\/11\/Qui-som-01-2048x953.jpg 2048w\" sizes=\"auto, (max-width: 2500px) 100vw, 2500px\" \/><\/figure>\n\n\n\n<div style=\"height:80px\" aria-hidden=\"true\" class=\"wp-block-spacer\"><\/div>\n\n\n\n<div class=\"wp-block-tfc-blocks-tabulador maq_contenidor\"><div class=\"inner\"><\/div><\/div>\n\n\n\n<div class=\"wp-block-tfc-blocks-tabulador maq_contenidor\"><div class=\"inner\"><\/div><\/div>\n","protected":false},"excerpt":{"rendered":"<p>Som professionals de la metal\u00b7l\u00fargia i la mec\u00e0nica industrial, oferint servei a empreses de diversos sectors independentment de la seva dimensi\u00f3, des de petites i mitjanes empreses fins a grans multinacionals. Som una empresa familiar que, despr\u00e9s de dues generacions, hem situat com a nostres prioritats el tracte proper i la confian\u00e7a amb el client, [&hellip;]<\/p>\n","protected":false},"author":1,"featured_media":0,"parent":0,"menu_order":0,"comment_status":"closed","ping_status":"closed","template":"","meta":{"footnotes":""},"class_list":["post-1554","page","type-page","status-publish","hentry"],"_links":{"self":[{"href":"https:\/\/tfcindustrial.com\/ca\/wp-json\/wp\/v2\/pages\/1554","targetHints":{"allow":["GET"]}}],"collection":[{"href":"https:\/\/tfcindustrial.com\/ca\/wp-json\/wp\/v2\/pages"}],"about":[{"href":"https:\/\/tfcindustrial.com\/ca\/wp-json\/wp\/v2\/types\/page"}],"author":[{"embeddable":true,"href":"https:\/\/tfcindustrial.com\/ca\/wp-json\/wp\/v2\/users\/1"}],"replies":[{"embeddable":true,"href":"https:\/\/tfcindustrial.com\/ca\/wp-json\/wp\/v2\/comments?post=1554"}],"version-history":[{"count":1,"href":"https:\/\/tfcindustrial.com\/ca\/wp-json\/wp\/v2\/pages\/1554\/revisions"}],"predecessor-version":[{"id":1589,"href":"https:\/\/tfcindustrial.com\/ca\/wp-json\/wp\/v2\/pages\/1554\/revisions\/1589"}],"wp:attachment":[{"href":"https:\/\/tfcindustrial.com\/ca\/wp-json\/wp\/v2\/media?parent=1554"}],"curies":[{"name":"wp","href":"https:\/\/api.w.org\/{rel}","templated":true}]}}