{"id":1547,"date":"2022-11-16T13:08:10","date_gmt":"2022-11-16T11:08:10","guid":{"rendered":"https:\/\/tfcindustrial.com\/politica-privacidad\/"},"modified":"2023-11-07T20:15:40","modified_gmt":"2023-11-07T18:15:40","slug":"politica-de-privadesa","status":"publish","type":"page","link":"https:\/\/tfcindustrial.com\/ca\/politica-de-privadesa\/","title":{"rendered":"Pol\u00edtica de Privadesa"},"content":{"rendered":"\n<div class=\"wp-block-tfc-blocks-cabecera maq_contenidor\"><div class=\"mod_cabecera slider js_slider mes_alt\">\n<div class=\"wp-block-tfc-blocks-cabecera-video amb_video\"><div class=\"img\"><div class=\"text\"><h2 class=\"com_titular_1 com_color_tfc\">Pol\u00edtica de<br>Privadesa<\/h2><\/div><div class=\"ytPlayer autoplay\" data-id-yt=\"XdkUrU3QqjM\"><\/div><\/div><\/div>\n<\/div><\/div>\n\n\n\n<div style=\"height:100px\" aria-hidden=\"true\" class=\"wp-block-spacer\"><\/div>\n\n\n\n<h2 class=\"wp-block-heading is-style-tfc-titular-petit\">Informaci\u00f3 sobre protecci\u00f3 de dades<\/h2>\n\n\n\n<p>Denominaci\u00f3 social<br>Identitat: TALLER FERRER COMAS SL<br>Dir. Postal: C. Sant Procopi 4, 08787 La Pobla de Claramunt (Barcelona).<br>Telf: 0034 938 086 181<br>Email: info@tfcindustrial.com<\/p>\n\n\n\n<p class=\"is-style-tfc-titular-petit\">Finalitat<\/p>\n\n\n\n<p>Per qu\u00e8 fem servir les dades?<br>La seg\u00fcent Pol\u00edtica de Privadesa estableix els termes en qu\u00e8 tractarem les dades personals a TALLER FERRER COMAS SL; aix\u00f2 inclou qualsevol dada personal recollida a trav\u00e9s de la nostra p\u00e0gina web www.tfcindustrial.com aix\u00ed com qualsevol altra dada que tractem en exercici de la nostra activitat empresarial.<br>TALLER FERRER COMAS SL; recull les dades personals seg\u00fcents amb les finalitats a continuaci\u00f3 indicades:<\/p>\n\n\n\n<ul class=\"wp-block-list\">\n<li>Formulari resolgui els vostres dubtes: les dades personals recollides a trav\u00e9s d&#8217;aquest formulari seran exclusivament utilitzades per gestionar la resoluci\u00f3 dels vostres dubtes, aix\u00ed com per informar-vos de les nostres novetats comercials.<\/li>\n\n\n\n<li>Newsleter: les dades recollides seran exclusivament utilitzades per remetre-li les newsletters, aix\u00ed com comunicacions comercials de promocions i\/o publicitat dels nostres serveis.<\/li>\n\n\n\n<li>Formulari de contacte: les dades personals recollides a trav\u00e9s d&#8217;aquest formulari seran exclusivament utilitzades per informar-vos sobre els serveis que ens heu sol\u00b7licitat, aix\u00ed com per informar-vos de les nostres novetats comercials.<\/li>\n\n\n\n<li>Dades de candidats a vacants laborals de TALLER FERRER COMAS SL: en el cas que ens envieu el vostre CV o de realitzar una entrevista de treball a les nostres oficines, les vostres dades seran utilitzades per cobrir possibles vacants laborals a la nostra companyia. En el sup\u00f2sit de ser contractat, les vostres dades personals seran exclusivament utilitzades per gestionar la relaci\u00f3 laboral amb TALLER FERRER COMAS SL.<\/li>\n<\/ul>\n\n\n\n<p class=\"is-style-tfc-titular-petit\">Quant de temps custodiem les vostres dades?<\/p>\n\n\n\n<p>Les dades de possibles clients que no acabin contractant cap servei, seran autom\u00e0ticament eliminades passat un any des del darrer contacte. En cas de contractar algun servei, les dades seran tractades mentre duri la relaci\u00f3 comercial i, una vegada conclosa pel temps necessari per respondre davant de possibles responsabilitats legals especialment totes les relacionades amb les garanties de b\u00e9ns de consum.<br>En relaci\u00f3 amb les dades laborals aquestes seran tractades mentre duri aquesta relaci\u00f3 i una vegada conclosa, pel temps necessari per respondre per possibles incompliments en aquest \u00e0mbit. En cas que ens hagueu enviat el vostre CV o de fer alguna entrevista per una vacant laboral, les vostres dades personals seran arxivades per un per\u00edode d&#8217;un any, despr\u00e9s del qual, de no haver estat seleccionat, seran esborrades dels nostres sistemes.<br>Les dades proporcionades per a l&#8217;enviament de la newsletter es conservaran fins que ens manifesti la vostra voluntat de no rebre m\u00e9s comunicacions nostres. Podeu exercir el dret d&#8217;oposici\u00f3 a trav\u00e9s dels canals anunciats en aquesta Pol\u00edtica de Privadesa.<\/p>\n\n\n\n<p>Legitimitzaci\u00f3<br>La legitimitzaci\u00f3 per tractar les dades dels clients, aix\u00ed com les relacionades amb els treballadors, \u00e9s el compliment de la relaci\u00f3 contractual.<br>La base legal per al tractament de les dades dels possibles clients \u00e9s el consentiment de linteressat.<br>La base legal per al tractament de les vostres dades per a l&#8217;enviament de la newsletter i publicitat \u00e9s el consentiment per part de l&#8217;interessat.<\/p>\n\n\n\n<p class=\"is-style-tfc-titular-petit\">Destinataris<\/p>\n\n\n\n<p>Cessions de dades a tercers<br>Les vostres dades personals no seran cedides a tercers sense el vostre consentiment, excepte aquells prove\u00efdors de serveis amb qu\u00e8 disposem d&#8217;un contracte de servei vigent o que intervingui una llei que obligui TALLER FERRER COMAS SL a tal cessi\u00f3 de dades.<br>Categoria de dades<br>Tipologia de dades tractades:<\/p>\n\n\n\n<ul class=\"wp-block-list\">\n<li>Dades identificatives (Nom, cognoms).<\/li>\n\n\n\n<li>Dades de contacte (email, tel\u00e8fon, adre\u00e7a).<\/li>\n\n\n\n<li>Dades banc\u00e0ries.<\/li>\n\n\n\n<li>Historial laboral.<\/li>\n\n\n\n<li>Historial acad\u00e8mic.<\/li>\n<\/ul>\n\n\n\n<p class=\"is-style-tfc-titular-petit\">Drets<\/p>\n\n\n\n<p>T\u00e9 dret a:<\/p>\n\n\n\n<ul class=\"wp-block-list\">\n<li>Accedir a les dades personals.<\/li>\n\n\n\n<li>Rectificar les dades personals.<\/li>\n\n\n\n<li>Suprimir les dades personals.<\/li>\n\n\n\n<li>Presentar una den\u00fancia o un escrit per a la tutela dels seus drets davant de l&#8217;Ag\u00e8ncia Espanyola de Protecci\u00f3 de Dades o davant de l&#8217;ag\u00e8ncia auton\u00f2mica de protecci\u00f3 de dades, si n&#8217;hi ha.<\/li>\n\n\n\n<li>Ser informat de qualsevol incid\u00e8ncia de seguretat que pugui afectar els seus drets.<\/li>\n\n\n\n<li>Limitaci\u00f3 del tractament.<\/li>\n\n\n\n<li>Portabilitat.<\/li>\n<\/ul>\n\n\n\n<p>Als documents (contracte de lloguer, oferta lloguer, comanda a prove\u00efdor\u2026) cal posar el text seg\u00fcent:<\/p>\n\n\n\n<p>TALLER FERRER COMAS SL recull les vostres dades amb la finalitat de poder-vos oferir el servei que heu contractat, la base legal per poder tractar les vostres dades \u00e9s el compliment de la relaci\u00f3 contractual, aix\u00ed com l&#8217;inter\u00e8s leg\u00edtim del responsable del tractament. Les vostres dades no seran compartides amb cap tercer, excepte aquells prove\u00efdors de serveis amb qu\u00e8 disposem d&#8217;un contracte de serveis vigent o que intervingui una llei que obligui a aquesta cessi\u00f3 de dades. Podeu accedir, rectificar o suprimir les dades, aix\u00ed com exercir els drets que s&#8217;esmenten a la nostra Pol\u00edtica de Privadesa. Per a m\u00e9s informaci\u00f3 consulta la Pol\u00edtica de Privadesa a la nostra p\u00e0gina web&nbsp;www.tfcindustrial.com<\/p>\n","protected":false},"excerpt":{"rendered":"<p>Informaci\u00f3 sobre protecci\u00f3 de dades Denominaci\u00f3 socialIdentitat: TALLER FERRER COMAS SLDir. Postal: C. Sant Procopi 4, 08787 La Pobla de Claramunt (Barcelona).Telf: 0034 938 086 181Email: info@tfcindustrial.com Finalitat Per qu\u00e8 fem servir les dades?La seg\u00fcent Pol\u00edtica de Privadesa estableix els termes en qu\u00e8 tractarem les dades personals a TALLER FERRER COMAS SL; aix\u00f2 inclou qualsevol [&hellip;]<\/p>\n","protected":false},"author":1,"featured_media":0,"parent":0,"menu_order":0,"comment_status":"closed","ping_status":"closed","template":"","meta":{"footnotes":""},"class_list":["post-1547","page","type-page","status-publish","hentry"],"_links":{"self":[{"href":"https:\/\/tfcindustrial.com\/ca\/wp-json\/wp\/v2\/pages\/1547","targetHints":{"allow":["GET"]}}],"collection":[{"href":"https:\/\/tfcindustrial.com\/ca\/wp-json\/wp\/v2\/pages"}],"about":[{"href":"https:\/\/tfcindustrial.com\/ca\/wp-json\/wp\/v2\/types\/page"}],"author":[{"embeddable":true,"href":"https:\/\/tfcindustrial.com\/ca\/wp-json\/wp\/v2\/users\/1"}],"replies":[{"embeddable":true,"href":"https:\/\/tfcindustrial.com\/ca\/wp-json\/wp\/v2\/comments?post=1547"}],"version-history":[{"count":2,"href":"https:\/\/tfcindustrial.com\/ca\/wp-json\/wp\/v2\/pages\/1547\/revisions"}],"predecessor-version":[{"id":1866,"href":"https:\/\/tfcindustrial.com\/ca\/wp-json\/wp\/v2\/pages\/1547\/revisions\/1866"}],"wp:attachment":[{"href":"https:\/\/tfcindustrial.com\/ca\/wp-json\/wp\/v2\/media?parent=1547"}],"curies":[{"name":"wp","href":"https:\/\/api.w.org\/{rel}","templated":true}]}}