{"id":1542,"date":"2022-11-27T11:10:52","date_gmt":"2022-11-27T09:10:52","guid":{"rendered":"https:\/\/tfcindustrial.com\/instalaciones\/"},"modified":"2023-03-06T13:49:00","modified_gmt":"2023-03-06T11:49:00","slug":"installacions","status":"publish","type":"page","link":"https:\/\/tfcindustrial.com\/ca\/installacions\/","title":{"rendered":"Instal\u00b7lacions"},"content":{"rendered":"\n<div class=\"wp-block-tfc-blocks-cabecera maq_contenidor\"><div class=\"mod_cabecera slider js_slider mes_alt\">\n<div class=\"wp-block-tfc-blocks-cabecera-imagen\"><div class=\"img\" style=\"background-image:url('https:\/\/tfcindustrial.com\/wp-content\/uploads\/2022\/11\/Instalacions-14.jpg')\"><div class=\"text\"><h2 class=\"com_titular_1 com_color_tfc\">Maquin\u00e0ria, tecnologia<br>i equip hum\u00e0<\/h2><\/div><\/div><\/div>\n<\/div><\/div>\n\n\n\n<div class=\"wp-block-tfc-blocks-tabulador maq_contenidor aos_right\"><div class=\"inner\">\n<h2 class=\"is-style-tfc-titular-gran has-tfc-gris-color has-text-color wp-block-heading\">Qualitat,<br>capacitat i <br>eines<\/h2>\n<\/div><\/div>\n\n\n\n<div class=\"wp-block-columns is-layout-flex wp-container-core-columns-is-layout-9d6595d7 wp-block-columns-is-layout-flex\">\n<div class=\"wp-block-column aos is-layout-flow wp-block-column-is-layout-flow\">\n<h2 class=\"is-style-tfc-titular-petit has-tfc-vermell-color has-text-color wp-block-heading\">TFC\u00a0Industrial\u00a0Projects\u00a0t\u00e9 2.800 m\u00b2 d&#8217;instal\u00b7lacions i un equip hum\u00e0 de m\u00e9s de 35 professionals.<\/h2>\n<\/div>\n\n\n\n<div class=\"wp-block-column aos_100 is-layout-flow wp-block-column-is-layout-flow\">\n<p>A les nostres instal\u00b7lacions i oficines comptem amb els equips, materials, tecnologia i recursos humans necessaris per desenvolupar la nostra activitat i prestar els nostres serveis. Des del manteniment i la mec\u00e0nica industrial fins a enginyeria i projectes, passant per caldereria, canonades i desenvolupament d&#8217;estructures; tot se situa en una \u00fanica planta centralitzada, garantint una r\u00e0pida interconnectivitat de recursos.<\/p>\n<\/div>\n\n\n\n<div class=\"wp-block-column aos_200 is-layout-flow wp-block-column-is-layout-flow\">\n<p>En aquest entorn \u00e9s on la nostra empresa va n\u00e9ixer el 1.955 i des d&#8217;aqu\u00ed \u00e9s on avui prestem servei als nostres clients de forma propera i professional.<\/p>\n\n\n\n<p>Us convidem a visitar-nos personalment i traslladar-nos la vostra necessitat o projecte. Junts trobarem la soluci\u00f3 id\u00f2nia.<\/p>\n<\/div>\n<\/div>\n\n\n\n<div style=\"height:80px\" aria-hidden=\"true\" class=\"wp-block-spacer\"><\/div>\n\n\n\n<div class=\"wp-block-tfc-blocks-galeria mod_fotogrid color maq_cols _gutter cols_3\">\n<div class=\"wp-block-tfc-blocks-galeria-in col\"><a class=\"\" href=\"https:\/\/tfcindustrial.com\/wp-content\/uploads\/2022\/11\/Instalacions-12.jpg\" data-fancybox=\"fancy\" target=\"_blank\" rel=\"noopener\"><div class=\"foto\"><span class=\"icon-mes\"><\/span><img decoding=\"async\" src=\"https:\/\/tfcindustrial.com\/wp-content\/uploads\/2022\/11\/Instalacions-12-600x600.jpg\"\/><\/div><\/a><\/div>\n\n\n\n<div class=\"wp-block-tfc-blocks-galeria-in col\"><a class=\"\" href=\"https:\/\/tfcindustrial.com\/wp-content\/uploads\/2022\/11\/Instalacions-03.jpg\" data-fancybox=\"fancy\" target=\"_blank\" rel=\"noopener\"><div class=\"foto\"><span class=\"icon-mes\"><\/span><img decoding=\"async\" src=\"https:\/\/tfcindustrial.com\/wp-content\/uploads\/2022\/11\/Instalacions-03-600x600.jpg\"\/><\/div><\/a><\/div>\n\n\n\n<div class=\"wp-block-tfc-blocks-galeria-in col\"><a class=\"\" href=\"https:\/\/tfcindustrial.com\/wp-content\/uploads\/2022\/11\/Instalacions-13.jpg\" data-fancybox=\"fancy\" target=\"_blank\" rel=\"noopener\"><div class=\"foto\"><span class=\"icon-mes\"><\/span><img decoding=\"async\" src=\"https:\/\/tfcindustrial.com\/wp-content\/uploads\/2022\/11\/Instalacions-13-600x600.jpg\"\/><\/div><\/a><\/div>\n\n\n\n<div class=\"wp-block-tfc-blocks-galeria-in col\"><a class=\"\" href=\"https:\/\/tfcindustrial.com\/wp-content\/uploads\/2022\/11\/Instalacions-07.jpg\" data-fancybox=\"fancy\" target=\"_blank\" rel=\"noopener\"><div class=\"foto\"><span class=\"icon-mes\"><\/span><img decoding=\"async\" src=\"https:\/\/tfcindustrial.com\/wp-content\/uploads\/2022\/11\/Instalacions-07-600x600.jpg\"\/><\/div><\/a><\/div>\n\n\n\n<div class=\"wp-block-tfc-blocks-galeria-in col\"><a class=\"\" href=\"https:\/\/tfcindustrial.com\/wp-content\/uploads\/2022\/11\/Instalacions-15.jpg\" data-fancybox=\"fancy\" target=\"_blank\" rel=\"noopener\"><div class=\"foto\"><span class=\"icon-mes\"><\/span><img decoding=\"async\" src=\"https:\/\/tfcindustrial.com\/wp-content\/uploads\/2022\/11\/Instalacions-15-600x600.jpg\"\/><\/div><\/a><\/div>\n\n\n\n<div class=\"wp-block-tfc-blocks-galeria-in col\"><a class=\"\" href=\"https:\/\/tfcindustrial.com\/wp-content\/uploads\/2022\/11\/Instalacions-04.jpg\" data-fancybox=\"fancy\" target=\"_blank\" rel=\"noopener\"><div class=\"foto\"><span class=\"icon-mes\"><\/span><img decoding=\"async\" src=\"https:\/\/tfcindustrial.com\/wp-content\/uploads\/2022\/11\/Instalacions-04-600x600.jpg\"\/><\/div><\/a><\/div>\n\n\n\n<div class=\"wp-block-tfc-blocks-galeria-in col\"><a class=\"\" href=\"https:\/\/tfcindustrial.com\/wp-content\/uploads\/2022\/11\/Instalacions-09.jpg\" data-fancybox=\"fancy\" target=\"_blank\" rel=\"noopener\"><div class=\"foto\"><span class=\"icon-mes\"><\/span><img decoding=\"async\" src=\"https:\/\/tfcindustrial.com\/wp-content\/uploads\/2022\/11\/Instalacions-09-600x600.jpg\"\/><\/div><\/a><\/div>\n\n\n\n<div class=\"wp-block-tfc-blocks-galeria-in col\"><a class=\"\" href=\"https:\/\/tfcindustrial.com\/wp-content\/uploads\/2022\/11\/Instalacions-05.jpg\" data-fancybox=\"fancy\" target=\"_blank\" rel=\"noopener\"><div class=\"foto\"><span class=\"icon-mes\"><\/span><img decoding=\"async\" src=\"https:\/\/tfcindustrial.com\/wp-content\/uploads\/2022\/11\/Instalacions-05-600x600.jpg\"\/><\/div><\/a><\/div>\n\n\n\n<div class=\"wp-block-tfc-blocks-galeria-in col\"><a class=\"\" href=\"https:\/\/tfcindustrial.com\/wp-content\/uploads\/2022\/11\/Instalacions-11.jpg\" data-fancybox=\"fancy\" target=\"_blank\" rel=\"noopener\"><div class=\"foto\"><span class=\"icon-mes\"><\/span><img decoding=\"async\" src=\"https:\/\/tfcindustrial.com\/wp-content\/uploads\/2022\/11\/Instalacions-11-600x600.jpg\"\/><\/div><\/a><\/div>\n\n\n\n<div class=\"wp-block-tfc-blocks-galeria-in col\"><a class=\"\" href=\"https:\/\/tfcindustrial.com\/wp-content\/uploads\/2022\/11\/Instalacions-10.jpg\" data-fancybox=\"fancy\" target=\"_blank\" rel=\"noopener\"><div class=\"foto\"><span class=\"icon-mes\"><\/span><img decoding=\"async\" src=\"https:\/\/tfcindustrial.com\/wp-content\/uploads\/2022\/11\/Instalacions-10-600x600.jpg\"\/><\/div><\/a><\/div>\n\n\n\n<div class=\"wp-block-tfc-blocks-galeria-in col\"><a class=\"\" href=\"https:\/\/tfcindustrial.com\/wp-content\/uploads\/2022\/11\/Instalacions-08.jpg\" data-fancybox=\"fancy\" target=\"_blank\" rel=\"noopener\"><div class=\"foto\"><span class=\"icon-mes\"><\/span><img decoding=\"async\" src=\"https:\/\/tfcindustrial.com\/wp-content\/uploads\/2022\/11\/Instalacions-08-600x600.jpg\"\/><\/div><\/a><\/div>\n\n\n\n<div class=\"wp-block-tfc-blocks-galeria-in col\"><a class=\"\" href=\"https:\/\/tfcindustrial.com\/wp-content\/uploads\/2022\/11\/Instalacions-02.jpg\" data-fancybox=\"fancy\" target=\"_blank\" rel=\"noopener\"><div class=\"foto\"><span class=\"icon-mes\"><\/span><img decoding=\"async\" src=\"https:\/\/tfcindustrial.com\/wp-content\/uploads\/2022\/11\/Instalacions-02-600x600.jpg\"\/><\/div><\/a><\/div>\n<\/div>\n\n\n\n<div style=\"height:80px\" aria-hidden=\"true\" class=\"wp-block-spacer\"><\/div>\n","protected":false},"excerpt":{"rendered":"<p>TFC\u00a0Industrial\u00a0Projects\u00a0t\u00e9 2.800 m\u00b2 d&#8217;instal\u00b7lacions i un equip hum\u00e0 de m\u00e9s de 35 professionals. A les nostres instal\u00b7lacions i oficines comptem amb els equips, materials, tecnologia i recursos humans necessaris per desenvolupar la nostra activitat i prestar els nostres serveis. Des del manteniment i la mec\u00e0nica industrial fins a enginyeria i projectes, passant per caldereria, canonades [&hellip;]<\/p>\n","protected":false},"author":1,"featured_media":0,"parent":0,"menu_order":0,"comment_status":"closed","ping_status":"closed","template":"","meta":{"footnotes":""},"class_list":["post-1542","page","type-page","status-publish","hentry"],"_links":{"self":[{"href":"https:\/\/tfcindustrial.com\/ca\/wp-json\/wp\/v2\/pages\/1542","targetHints":{"allow":["GET"]}}],"collection":[{"href":"https:\/\/tfcindustrial.com\/ca\/wp-json\/wp\/v2\/pages"}],"about":[{"href":"https:\/\/tfcindustrial.com\/ca\/wp-json\/wp\/v2\/types\/page"}],"author":[{"embeddable":true,"href":"https:\/\/tfcindustrial.com\/ca\/wp-json\/wp\/v2\/users\/1"}],"replies":[{"embeddable":true,"href":"https:\/\/tfcindustrial.com\/ca\/wp-json\/wp\/v2\/comments?post=1542"}],"version-history":[{"count":1,"href":"https:\/\/tfcindustrial.com\/ca\/wp-json\/wp\/v2\/pages\/1542\/revisions"}],"predecessor-version":[{"id":1593,"href":"https:\/\/tfcindustrial.com\/ca\/wp-json\/wp\/v2\/pages\/1542\/revisions\/1593"}],"wp:attachment":[{"href":"https:\/\/tfcindustrial.com\/ca\/wp-json\/wp\/v2\/media?parent=1542"}],"curies":[{"name":"wp","href":"https:\/\/api.w.org\/{rel}","templated":true}]}}