{"id":1540,"date":"2022-11-27T11:19:44","date_gmt":"2022-11-27T09:19:44","guid":{"rendered":"https:\/\/tfcindustrial.com\/historia\/"},"modified":"2023-03-21T11:59:44","modified_gmt":"2023-03-21T09:59:44","slug":"historia","status":"publish","type":"page","link":"https:\/\/tfcindustrial.com\/ca\/historia\/","title":{"rendered":"Hist\u00f2ria"},"content":{"rendered":"\n<div class=\"wp-block-tfc-blocks-cabecera maq_contenidor\"><div class=\"mod_cabecera slider js_slider fina\">\n<div class=\"wp-block-tfc-blocks-cabecera-imagen\"><div class=\"img\" style=\"background-image:url('https:\/\/tfcindustrial.com\/wp-content\/uploads\/2022\/11\/Historia-01.jpg')\"><div class=\"text\"><h2 class=\"com_titular_1 com_color_tfc\">Des del 1956 <br>aportant solucions<\/h2><\/div><\/div><\/div>\n<\/div><\/div>\n\n\n\n<div style=\"height:80px\" aria-hidden=\"true\" class=\"wp-block-spacer\"><\/div>\n\n\n\n<div class=\"wp-block-columns are-vertically-aligned-bottom variacio_historia is-layout-flex wp-container-core-columns-is-layout-9d6595d7 wp-block-columns-is-layout-flex\">\n<div class=\"wp-block-column aos_right is-layout-flow wp-block-column-is-layout-flow\">\n<figure class=\"wp-block-image size-full\"><img loading=\"lazy\" decoding=\"async\" width=\"900\" height=\"585\" src=\"https:\/\/tfcindustrial.com\/wp-content\/uploads\/2022\/11\/Historia-05.jpg\" alt=\"\" class=\"wp-image-248\" srcset=\"https:\/\/tfcindustrial.com\/wp-content\/uploads\/2022\/11\/Historia-05.jpg 900w, https:\/\/tfcindustrial.com\/wp-content\/uploads\/2022\/11\/Historia-05-300x195.jpg 300w, https:\/\/tfcindustrial.com\/wp-content\/uploads\/2022\/11\/Historia-05-768x499.jpg 768w\" sizes=\"auto, (max-width: 900px) 100vw, 900px\" \/><\/figure>\n<\/div>\n\n\n\n<div class=\"wp-block-column aos is-layout-flow wp-block-column-is-layout-flow\">\n<h2 class=\"is-style-tfc-titular-gegant has-tfc-vermell-color has-text-color wp-block-heading\">1956<\/h2>\n\n\n\n<p>A mitjans del segle&nbsp;XX, a la Pobla de Claramunt (Barcelona), comen\u00e7a el cam\u00ed de Construccions Met\u00e0l\u00b7liques Ferrer&nbsp;Comas, de la m\u00e0 dels germans Eduard i Joan Ferrer&nbsp;Comas. Amb tan sols dues persones i una superf\u00edcie de 150 m\u00b2, ofereix serveis de mec\u00e0nica i metal\u00b7l\u00fargia a la f\u00e0brica paperera de Cal Tort (Miquel i&nbsp;Costas&nbsp;&amp; Miquel), ubicada al mateix municipi.<\/p>\n<\/div>\n<\/div>\n\n\n\n<div class=\"wp-block-columns are-vertically-aligned-bottom variacio_historia mobile_revers is-layout-flex wp-container-core-columns-is-layout-9d6595d7 wp-block-columns-is-layout-flex\">\n<div class=\"wp-block-column is-vertically-aligned-bottom aos is-layout-flow wp-block-column-is-layout-flow\">\n<h2 class=\"has-text-align-right is-style-tfc-titular-gegant has-tfc-vermell-color has-text-color wp-block-heading\">1985<\/h2>\n\n\n\n<p class=\"has-text-align-right\">Tres d\u00e8cades m\u00e9s tard, Construccions Met\u00e0l\u00b7liques Ferrer&nbsp;Comas&nbsp;passa a ser E. Ferrer&nbsp;Comas. Compte en aquest moment amb quatre professionals i disposa de 750 m\u00b2 d&#8217;instal\u00b7lacions, evidenciant un clar creixement d&#8217;activitat i oferint serveis de mec\u00e0nica i metal\u00b7l\u00fargia a instal\u00b7lacions industrials de qualsevol sector, m\u00e9s enll\u00e0 del paperer.<\/p>\n<\/div>\n\n\n\n<div class=\"wp-block-column is-vertically-aligned-bottom aos_left is-layout-flow wp-block-column-is-layout-flow\">\n<figure class=\"wp-block-image size-full\"><img loading=\"lazy\" decoding=\"async\" width=\"900\" height=\"585\" src=\"https:\/\/tfcindustrial.com\/wp-content\/uploads\/2022\/11\/Historia-03.jpg\" alt=\"\" class=\"wp-image-246\" srcset=\"https:\/\/tfcindustrial.com\/wp-content\/uploads\/2022\/11\/Historia-03.jpg 900w, https:\/\/tfcindustrial.com\/wp-content\/uploads\/2022\/11\/Historia-03-300x195.jpg 300w, https:\/\/tfcindustrial.com\/wp-content\/uploads\/2022\/11\/Historia-03-768x499.jpg 768w\" sizes=\"auto, (max-width: 900px) 100vw, 900px\" \/><\/figure>\n<\/div>\n<\/div>\n\n\n\n<div class=\"wp-block-columns are-vertically-aligned-bottom variacio_historia is-layout-flex wp-container-core-columns-is-layout-9d6595d7 wp-block-columns-is-layout-flex\">\n<div class=\"wp-block-column is-vertically-aligned-bottom aos_right is-layout-flow wp-block-column-is-layout-flow\">\n<figure class=\"wp-block-image size-full\"><img loading=\"lazy\" decoding=\"async\" width=\"900\" height=\"585\" src=\"https:\/\/tfcindustrial.com\/wp-content\/uploads\/2022\/11\/Historia-08.jpg\" alt=\"\" class=\"wp-image-251\" srcset=\"https:\/\/tfcindustrial.com\/wp-content\/uploads\/2022\/11\/Historia-08.jpg 900w, https:\/\/tfcindustrial.com\/wp-content\/uploads\/2022\/11\/Historia-08-300x195.jpg 300w, https:\/\/tfcindustrial.com\/wp-content\/uploads\/2022\/11\/Historia-08-768x499.jpg 768w\" sizes=\"auto, (max-width: 900px) 100vw, 900px\" \/><\/figure>\n<\/div>\n\n\n\n<div class=\"wp-block-column is-vertically-aligned-bottom aos is-layout-flow wp-block-column-is-layout-flow\">\n<h2 class=\"is-style-tfc-titular-gegant has-tfc-vermell-color has-text-color wp-block-heading\">1992<\/h2>\n\n\n\n<p>L&#8217;empresa esdev\u00e9 E. Ferrer Martorell. Disposa en aquesta \u00e8poca de 800 m\u00b2 i sis treballadors, centrant principalment la seva activitat novament en els serveis de metal\u00b7l\u00fargia i mec\u00e0nica per a la ind\u00fastria paperera, el seu principal camp d&#8217;activitat des dels inicis. L&#8217;empresa continua la seva consolidaci\u00f3 quant a especialitzaci\u00f3 en implantaci\u00f3 al territori.<\/p>\n<\/div>\n<\/div>\n\n\n\n<div class=\"wp-block-columns variacio_historia mobile_revers is-layout-flex wp-container-core-columns-is-layout-9d6595d7 wp-block-columns-is-layout-flex\">\n<div class=\"wp-block-column is-vertically-aligned-bottom aos is-layout-flow wp-block-column-is-layout-flow\">\n<h2 class=\"has-text-align-right is-style-tfc-titular-gegant has-tfc-vermell-color has-text-color wp-block-heading\">1996<\/h2>\n\n\n\n<p class=\"has-text-align-right\">Neix&nbsp;Talferco, ampliant novament la prestaci\u00f3 de nous serveis de caldereria i estructures a clients de tota mena, mantenint una superf\u00edcie de treball de 800 m\u00b2 i comptant ja amb deu persones en plantilla.&nbsp;Talferco&nbsp;evoluciona segons les necessitats canviants de la ind\u00fastria, per\u00f2 mant\u00e9 el tracte proper i professional que la caracteritza des dels seus inicis.<\/p>\n<\/div>\n\n\n\n<div class=\"wp-block-column aos_left is-layout-flow wp-block-column-is-layout-flow\">\n<figure class=\"wp-block-image size-full\"><img loading=\"lazy\" decoding=\"async\" width=\"900\" height=\"585\" src=\"https:\/\/tfcindustrial.com\/wp-content\/uploads\/2022\/11\/Historia-06.jpg\" alt=\"\" class=\"wp-image-249\" srcset=\"https:\/\/tfcindustrial.com\/wp-content\/uploads\/2022\/11\/Historia-06.jpg 900w, https:\/\/tfcindustrial.com\/wp-content\/uploads\/2022\/11\/Historia-06-300x195.jpg 300w, https:\/\/tfcindustrial.com\/wp-content\/uploads\/2022\/11\/Historia-06-768x499.jpg 768w\" sizes=\"auto, (max-width: 900px) 100vw, 900px\" \/><\/figure>\n<\/div>\n<\/div>\n\n\n\n<div class=\"wp-block-columns are-vertically-aligned-bottom variacio_historia is-layout-flex wp-container-core-columns-is-layout-9d6595d7 wp-block-columns-is-layout-flex\">\n<div class=\"wp-block-column is-vertically-aligned-bottom aos_right is-layout-flow wp-block-column-is-layout-flow\">\n<figure class=\"wp-block-image size-full\"><img loading=\"lazy\" decoding=\"async\" width=\"900\" height=\"585\" src=\"https:\/\/tfcindustrial.com\/wp-content\/uploads\/2022\/12\/Historia-11.jpg\" alt=\"\" class=\"wp-image-675\" srcset=\"https:\/\/tfcindustrial.com\/wp-content\/uploads\/2022\/12\/Historia-11.jpg 900w, https:\/\/tfcindustrial.com\/wp-content\/uploads\/2022\/12\/Historia-11-300x195.jpg 300w, https:\/\/tfcindustrial.com\/wp-content\/uploads\/2022\/12\/Historia-11-768x499.jpg 768w\" sizes=\"auto, (max-width: 900px) 100vw, 900px\" \/><\/figure>\n<\/div>\n\n\n\n<div class=\"wp-block-column is-vertically-aligned-bottom aos is-layout-flow wp-block-column-is-layout-flow\">\n<h2 class=\"is-style-tfc-titular-gegant has-tfc-vermell-color has-text-color wp-block-heading\">2000<\/h2>\n\n\n\n<p>Amb el nou mil\u00b7lenni, l&#8217;empresa evoluciona a Taller Ferrer&nbsp;Comas&nbsp;i es troba a Vilanova del Cam\u00ed, prov\u00edncia de Barcelona. T\u00e9 ja 18 persones i 1.800 m\u00b2 de superf\u00edcie de treball. Aquest moment suposa probablement l&#8217;evoluci\u00f3 m\u00e9s destacada en la seva traject\u00f2ria, implementant una oficina t\u00e8cnica i un departament d&#8217;enginyeria, refor\u00e7ant aix\u00ed uns serveis integrals i de m\u00e9s envergadura.<\/p>\n<\/div>\n<\/div>\n\n\n\n<div class=\"wp-block-columns variacio_historia mobile_revers is-layout-flex wp-container-core-columns-is-layout-9d6595d7 wp-block-columns-is-layout-flex\">\n<div class=\"wp-block-column is-vertically-aligned-bottom aos is-layout-flow wp-block-column-is-layout-flow\">\n<h2 class=\"is-style-tfc-titular-gegant has-tfc-vermell-color has-text-color wp-block-heading\">2019<\/h2>\n\n\n\n<p class=\"has-text-align-right\">Neix&nbsp;TFC&nbsp;Industrial&nbsp;Projects, sens dubte el creixement m\u00e9s rellevant en gaireb\u00e9&nbsp;70&nbsp;anys d&#8217;hist\u00f2ria de l&#8217;empresa. La superf\u00edcie de les instal\u00b7lacions creix fins a 2.800 m\u00b2, els professionals al servei de les ind\u00fastries passen a ser m\u00e9s de 35 i l&#8217;\u00e0rea de cobertura s&#8217;amplia a tot Catalunya. Als serveis que sempre han caracteritzat&nbsp;TFC&nbsp;Industrial&nbsp;Projects, ara se sumen les tend\u00e8ncies m\u00e9s actuals, com l&#8217;escanejat 3D o el n\u00favol de punts.<\/p>\n<\/div>\n\n\n\n<div class=\"wp-block-column aos_left is-layout-flow wp-block-column-is-layout-flow\">\n<figure class=\"wp-block-image size-full\"><img loading=\"lazy\" decoding=\"async\" width=\"900\" height=\"585\" src=\"https:\/\/tfcindustrial.com\/wp-content\/uploads\/2022\/11\/Historia-09.jpg\" alt=\"\" class=\"wp-image-252\" srcset=\"https:\/\/tfcindustrial.com\/wp-content\/uploads\/2022\/11\/Historia-09.jpg 900w, https:\/\/tfcindustrial.com\/wp-content\/uploads\/2022\/11\/Historia-09-300x195.jpg 300w, https:\/\/tfcindustrial.com\/wp-content\/uploads\/2022\/11\/Historia-09-768x499.jpg 768w\" sizes=\"auto, (max-width: 900px) 100vw, 900px\" \/><\/figure>\n<\/div>\n<\/div>\n\n\n\n<div class=\"wp-block-columns variacio_historia is-layout-flex wp-container-core-columns-is-layout-9d6595d7 wp-block-columns-is-layout-flex\">\n<div class=\"wp-block-column is-vertically-aligned-bottom aos_right is-layout-flow wp-block-column-is-layout-flow\">\n<figure class=\"wp-block-image size-full is-resized\"><img loading=\"lazy\" decoding=\"async\" src=\"https:\/\/tfcindustrial.com\/wp-content\/uploads\/2022\/11\/Historia-02.jpg\" alt=\"\" class=\"wp-image-243\" width=\"682\" height=\"443\" srcset=\"https:\/\/tfcindustrial.com\/wp-content\/uploads\/2022\/11\/Historia-02.jpg 900w, https:\/\/tfcindustrial.com\/wp-content\/uploads\/2022\/11\/Historia-02-300x195.jpg 300w, https:\/\/tfcindustrial.com\/wp-content\/uploads\/2022\/11\/Historia-02-768x499.jpg 768w\" sizes=\"auto, (max-width: 682px) 100vw, 682px\" \/><\/figure>\n<\/div>\n\n\n\n<div class=\"wp-block-column aos is-layout-flow wp-block-column-is-layout-flow\">\n<h2 class=\"is-style-tfc-titular-gegant has-tfc-vermell-color has-text-color wp-block-heading\">Hoy<\/h2>\n\n\n\n<p>Els germans Eduard Ferrer i Anna Ferrer, amb tot el seu equip,&nbsp;encara s\u00f3n fidels&nbsp;als valors que formen la identitat de l&#8217;empresa: qualitat, servei, aven\u00e7 constant, innovaci\u00f3 i, sobretot, confian\u00e7a i proximitat en la relaci\u00f3 amb els clients.<\/p>\n<\/div>\n<\/div>\n\n\n\n<div style=\"height:80px\" aria-hidden=\"true\" class=\"wp-block-spacer\"><\/div>\n","protected":false},"excerpt":{"rendered":"<p>1956 A mitjans del segle&nbsp;XX, a la Pobla de Claramunt (Barcelona), comen\u00e7a el cam\u00ed de Construccions Met\u00e0l\u00b7liques Ferrer&nbsp;Comas, de la m\u00e0 dels germans Eduard i Joan Ferrer&nbsp;Comas. Amb tan sols dues persones i una superf\u00edcie de 150 m\u00b2, ofereix serveis de mec\u00e0nica i metal\u00b7l\u00fargia a la f\u00e0brica paperera de Cal Tort (Miquel i&nbsp;Costas&nbsp;&amp; Miquel), ubicada [&hellip;]<\/p>\n","protected":false},"author":1,"featured_media":0,"parent":0,"menu_order":0,"comment_status":"closed","ping_status":"closed","template":"","meta":{"footnotes":""},"class_list":["post-1540","page","type-page","status-publish","hentry"],"_links":{"self":[{"href":"https:\/\/tfcindustrial.com\/ca\/wp-json\/wp\/v2\/pages\/1540","targetHints":{"allow":["GET"]}}],"collection":[{"href":"https:\/\/tfcindustrial.com\/ca\/wp-json\/wp\/v2\/pages"}],"about":[{"href":"https:\/\/tfcindustrial.com\/ca\/wp-json\/wp\/v2\/types\/page"}],"author":[{"embeddable":true,"href":"https:\/\/tfcindustrial.com\/ca\/wp-json\/wp\/v2\/users\/1"}],"replies":[{"embeddable":true,"href":"https:\/\/tfcindustrial.com\/ca\/wp-json\/wp\/v2\/comments?post=1540"}],"version-history":[{"count":4,"href":"https:\/\/tfcindustrial.com\/ca\/wp-json\/wp\/v2\/pages\/1540\/revisions"}],"predecessor-version":[{"id":1850,"href":"https:\/\/tfcindustrial.com\/ca\/wp-json\/wp\/v2\/pages\/1540\/revisions\/1850"}],"wp:attachment":[{"href":"https:\/\/tfcindustrial.com\/ca\/wp-json\/wp\/v2\/media?parent=1540"}],"curies":[{"name":"wp","href":"https:\/\/api.w.org\/{rel}","templated":true}]}}