{"id":1538,"date":"2022-11-27T11:32:48","date_gmt":"2022-11-27T09:32:48","guid":{"rendered":"https:\/\/tfcindustrial.com\/confian-en-nosotros\/"},"modified":"2023-03-06T13:52:01","modified_gmt":"2023-03-06T11:52:01","slug":"confien-en-nosaltres","status":"publish","type":"page","link":"https:\/\/tfcindustrial.com\/ca\/confien-en-nosaltres\/","title":{"rendered":"Confien en nosaltres"},"content":{"rendered":"\n<div class=\"wp-block-tfc-blocks-cabecera maq_contenidor\"><div class=\"mod_cabecera slider js_slider mes_alt\">\n<div class=\"wp-block-tfc-blocks-cabecera-imagen\"><div class=\"img\" style=\"background-image:url('https:\/\/tfcindustrial.com\/wp-content\/uploads\/2022\/11\/Confian-en-01.jpg')\"><div class=\"text\"><h2 class=\"com_titular_1 com_color_tfc\">Relacions<br>de confian\u00e7a<\/h2><\/div><\/div><\/div>\n<\/div><\/div>\n\n\n\n<div class=\"wp-block-tfc-blocks-tabulador maq_contenidor aos_right\"><div class=\"inner\">\n<h2 class=\"is-style-tfc-titular-gran has-tfc-gris-color has-text-color wp-block-heading\">Clients de<br>llarg recorregut<\/h2>\n<\/div><\/div>\n\n\n\n<div class=\"wp-block-columns is-layout-flex wp-container-core-columns-is-layout-9d6595d7 wp-block-columns-is-layout-flex\">\n<div class=\"wp-block-column aos is-layout-flow wp-block-column-is-layout-flow\">\n<h2 class=\"is-style-tfc-titular-petit has-tfc-vermell-color has-text-color wp-block-heading\">Qu\u00e8 cal per delegar amb total tranquil\u00b7litat? Ni m\u00e9s ni menys que confian\u00e7a.<\/h2>\n<\/div>\n\n\n\n<div class=\"wp-block-column aos_100 is-layout-flow wp-block-column-is-layout-flow\">\n<p>Sense confian\u00e7a no podr\u00edem dur a terme activitats tan b\u00e0siques com deixar els nostres fills a l&#8217;escola o menjar a un restaurant. A les empreses passa el mateix. Quan la confian\u00e7a \u00e9s m\u00fatua, transforma les relacions impersonals i crea un entorn on tots els empleats, clients, prove\u00efdors, col\u00b7laboradors i socis es bolquen plenament a l&#8217;organitzaci\u00f3.<\/p>\n<\/div>\n\n\n\n<div class=\"wp-block-column aos_200 is-layout-flow wp-block-column-is-layout-flow\">\n<p>Segons l&#8217;escola de negocis\u00a0IESE, les sis claus de la confian\u00e7a s\u00f3n: Consist\u00e8ncia, \u00c8tica, Comunicaci\u00f3, Delegaci\u00f3, Empatia i Lleialtat.<\/p>\n\n\n\n<p>Les relacions de\u00a0TFC\u00a0Industrial\u00a0Projects\u00a0s\u00f3n de llarg recorregut, i per aix\u00f2, sense confian\u00e7a, no serien possibles.<\/p>\n<\/div>\n<\/div>\n\n\n\n<div class=\"wp-block-tfc-blocks-tabulador maq_contenidor\"><div class=\"inner\">\n<div class=\"wp-block-columns is-not-stacked-on-mobile aos mod_logos is-layout-flex wp-container-core-columns-is-layout-9d6595d7 wp-block-columns-is-layout-flex\">\n<div class=\"wp-block-column is-layout-flow wp-block-column-is-layout-flow\">\n<figure class=\"wp-block-image size-full\"><img loading=\"lazy\" decoding=\"async\" width=\"200\" height=\"200\" src=\"https:\/\/tfcindustrial.com\/wp-content\/uploads\/2022\/12\/Confian-Logos-03.png\" alt=\"\" class=\"wp-image-641\" srcset=\"https:\/\/tfcindustrial.com\/wp-content\/uploads\/2022\/12\/Confian-Logos-03.png 200w, https:\/\/tfcindustrial.com\/wp-content\/uploads\/2022\/12\/Confian-Logos-03-150x150.png 150w\" sizes=\"auto, (max-width: 200px) 100vw, 200px\" \/><\/figure>\n<\/div>\n\n\n\n<div class=\"wp-block-column is-layout-flow wp-block-column-is-layout-flow\">\n<figure class=\"wp-block-image size-full\"><img loading=\"lazy\" decoding=\"async\" width=\"200\" height=\"200\" src=\"https:\/\/tfcindustrial.com\/wp-content\/uploads\/2022\/12\/Confian-Logos-04.png\" alt=\"\" class=\"wp-image-642\" srcset=\"https:\/\/tfcindustrial.com\/wp-content\/uploads\/2022\/12\/Confian-Logos-04.png 200w, https:\/\/tfcindustrial.com\/wp-content\/uploads\/2022\/12\/Confian-Logos-04-150x150.png 150w\" sizes=\"auto, (max-width: 200px) 100vw, 200px\" \/><\/figure>\n<\/div>\n\n\n\n<div class=\"wp-block-column is-layout-flow wp-block-column-is-layout-flow\">\n<figure class=\"wp-block-image size-full\"><img loading=\"lazy\" decoding=\"async\" width=\"200\" height=\"200\" src=\"https:\/\/tfcindustrial.com\/wp-content\/uploads\/2022\/12\/Confian-Logos-05.png\" alt=\"\" class=\"wp-image-643\" srcset=\"https:\/\/tfcindustrial.com\/wp-content\/uploads\/2022\/12\/Confian-Logos-05.png 200w, https:\/\/tfcindustrial.com\/wp-content\/uploads\/2022\/12\/Confian-Logos-05-150x150.png 150w\" sizes=\"auto, (max-width: 200px) 100vw, 200px\" \/><\/figure>\n<\/div>\n\n\n\n<div class=\"wp-block-column is-layout-flow wp-block-column-is-layout-flow\">\n<figure class=\"wp-block-image size-full\"><img loading=\"lazy\" decoding=\"async\" width=\"200\" height=\"200\" src=\"https:\/\/tfcindustrial.com\/wp-content\/uploads\/2022\/12\/Confian-Logos-06.png\" alt=\"\" class=\"wp-image-644\" srcset=\"https:\/\/tfcindustrial.com\/wp-content\/uploads\/2022\/12\/Confian-Logos-06.png 200w, https:\/\/tfcindustrial.com\/wp-content\/uploads\/2022\/12\/Confian-Logos-06-150x150.png 150w\" sizes=\"auto, (max-width: 200px) 100vw, 200px\" \/><\/figure>\n<\/div>\n<\/div>\n<\/div><\/div>\n\n\n\n<div class=\"wp-block-tfc-blocks-tabulador maq_contenidor\"><div class=\"inner\">\n<div class=\"wp-block-columns is-not-stacked-on-mobile aos mod_logos is-layout-flex wp-container-core-columns-is-layout-9d6595d7 wp-block-columns-is-layout-flex\">\n<div class=\"wp-block-column is-layout-flow wp-block-column-is-layout-flow\">\n<figure class=\"wp-block-image size-full\"><img loading=\"lazy\" decoding=\"async\" width=\"200\" height=\"200\" src=\"https:\/\/tfcindustrial.com\/wp-content\/uploads\/2022\/12\/Confian-Logos-21.png\" alt=\"\" class=\"wp-image-661\" srcset=\"https:\/\/tfcindustrial.com\/wp-content\/uploads\/2022\/12\/Confian-Logos-21.png 200w, https:\/\/tfcindustrial.com\/wp-content\/uploads\/2022\/12\/Confian-Logos-21-150x150.png 150w\" sizes=\"auto, (max-width: 200px) 100vw, 200px\" \/><\/figure>\n<\/div>\n\n\n\n<div class=\"wp-block-column is-layout-flow wp-block-column-is-layout-flow\">\n<figure class=\"wp-block-image size-full\"><img loading=\"lazy\" decoding=\"async\" width=\"200\" height=\"200\" src=\"https:\/\/tfcindustrial.com\/wp-content\/uploads\/2022\/12\/Confian-Logos-07.png\" alt=\"\" class=\"wp-image-645\" srcset=\"https:\/\/tfcindustrial.com\/wp-content\/uploads\/2022\/12\/Confian-Logos-07.png 200w, https:\/\/tfcindustrial.com\/wp-content\/uploads\/2022\/12\/Confian-Logos-07-150x150.png 150w\" sizes=\"auto, (max-width: 200px) 100vw, 200px\" \/><\/figure>\n<\/div>\n\n\n\n<div class=\"wp-block-column is-layout-flow wp-block-column-is-layout-flow\">\n<figure class=\"wp-block-image size-full\"><img loading=\"lazy\" decoding=\"async\" width=\"200\" height=\"200\" src=\"https:\/\/tfcindustrial.com\/wp-content\/uploads\/2022\/12\/Confian-Logos-08.png\" alt=\"\" class=\"wp-image-646\" srcset=\"https:\/\/tfcindustrial.com\/wp-content\/uploads\/2022\/12\/Confian-Logos-08.png 200w, https:\/\/tfcindustrial.com\/wp-content\/uploads\/2022\/12\/Confian-Logos-08-150x150.png 150w\" sizes=\"auto, (max-width: 200px) 100vw, 200px\" \/><\/figure>\n<\/div>\n\n\n\n<div class=\"wp-block-column is-layout-flow wp-block-column-is-layout-flow\">\n<figure class=\"wp-block-image size-full\"><img loading=\"lazy\" decoding=\"async\" width=\"200\" height=\"200\" src=\"https:\/\/tfcindustrial.com\/wp-content\/uploads\/2022\/12\/Confian-Logos-09.png\" alt=\"\" class=\"wp-image-647\" srcset=\"https:\/\/tfcindustrial.com\/wp-content\/uploads\/2022\/12\/Confian-Logos-09.png 200w, https:\/\/tfcindustrial.com\/wp-content\/uploads\/2022\/12\/Confian-Logos-09-150x150.png 150w\" sizes=\"auto, (max-width: 200px) 100vw, 200px\" \/><\/figure>\n<\/div>\n<\/div>\n<\/div><\/div>\n\n\n\n<div class=\"wp-block-tfc-blocks-tabulador maq_contenidor\"><div class=\"inner\">\n<div class=\"wp-block-columns is-not-stacked-on-mobile aos mod_logos is-layout-flex wp-container-core-columns-is-layout-9d6595d7 wp-block-columns-is-layout-flex\">\n<div class=\"wp-block-column is-layout-flow wp-block-column-is-layout-flow\">\n<figure class=\"wp-block-image size-full\"><img loading=\"lazy\" decoding=\"async\" width=\"200\" height=\"200\" src=\"https:\/\/tfcindustrial.com\/wp-content\/uploads\/2022\/12\/Confian-Logos-10.png\" alt=\"\" class=\"wp-image-648\" srcset=\"https:\/\/tfcindustrial.com\/wp-content\/uploads\/2022\/12\/Confian-Logos-10.png 200w, https:\/\/tfcindustrial.com\/wp-content\/uploads\/2022\/12\/Confian-Logos-10-150x150.png 150w\" sizes=\"auto, (max-width: 200px) 100vw, 200px\" \/><\/figure>\n<\/div>\n\n\n\n<div class=\"wp-block-column is-layout-flow wp-block-column-is-layout-flow\">\n<figure class=\"wp-block-image size-full\"><img loading=\"lazy\" decoding=\"async\" width=\"200\" height=\"200\" src=\"https:\/\/tfcindustrial.com\/wp-content\/uploads\/2022\/11\/Confian-Logos-02.png\" alt=\"\" class=\"wp-image-221\" srcset=\"https:\/\/tfcindustrial.com\/wp-content\/uploads\/2022\/11\/Confian-Logos-02.png 200w, https:\/\/tfcindustrial.com\/wp-content\/uploads\/2022\/11\/Confian-Logos-02-150x150.png 150w\" sizes=\"auto, (max-width: 200px) 100vw, 200px\" \/><\/figure>\n<\/div>\n\n\n\n<div class=\"wp-block-column is-layout-flow wp-block-column-is-layout-flow\">\n<figure class=\"wp-block-image size-full\"><img loading=\"lazy\" decoding=\"async\" width=\"200\" height=\"200\" src=\"https:\/\/tfcindustrial.com\/wp-content\/uploads\/2022\/12\/Confian-Logos-11.png\" alt=\"\" class=\"wp-image-649\" srcset=\"https:\/\/tfcindustrial.com\/wp-content\/uploads\/2022\/12\/Confian-Logos-11.png 200w, https:\/\/tfcindustrial.com\/wp-content\/uploads\/2022\/12\/Confian-Logos-11-150x150.png 150w\" sizes=\"auto, (max-width: 200px) 100vw, 200px\" \/><\/figure>\n<\/div>\n\n\n\n<div class=\"wp-block-column is-layout-flow wp-block-column-is-layout-flow\">\n<figure class=\"wp-block-image size-full\"><img loading=\"lazy\" decoding=\"async\" width=\"200\" height=\"200\" src=\"https:\/\/tfcindustrial.com\/wp-content\/uploads\/2022\/11\/Confian-Logos-01.png\" alt=\"\" class=\"wp-image-220\" srcset=\"https:\/\/tfcindustrial.com\/wp-content\/uploads\/2022\/11\/Confian-Logos-01.png 200w, https:\/\/tfcindustrial.com\/wp-content\/uploads\/2022\/11\/Confian-Logos-01-150x150.png 150w\" sizes=\"auto, (max-width: 200px) 100vw, 200px\" \/><\/figure>\n<\/div>\n<\/div>\n<\/div><\/div>\n\n\n\n<div class=\"wp-block-tfc-blocks-tabulador maq_contenidor\"><div class=\"inner\">\n<div class=\"wp-block-columns is-layout-flex wp-container-core-columns-is-layout-9d6595d7 wp-block-columns-is-layout-flex\">\n<div class=\"wp-block-column is-layout-flow wp-block-column-is-layout-flow\">\n<div class=\"wp-block-columns is-layout-flex wp-container-core-columns-is-layout-9d6595d7 wp-block-columns-is-layout-flex\">\n<div class=\"wp-block-column is-layout-flow wp-block-column-is-layout-flow\">\n<div class=\"wp-block-columns is-not-stacked-on-mobile aos mod_logos is-layout-flex wp-container-core-columns-is-layout-9d6595d7 wp-block-columns-is-layout-flex\">\n<div class=\"wp-block-column is-layout-flow wp-block-column-is-layout-flow\">\n<figure class=\"wp-block-image size-full\"><img loading=\"lazy\" decoding=\"async\" width=\"200\" height=\"200\" src=\"https:\/\/tfcindustrial.com\/wp-content\/uploads\/2022\/12\/Confian-Logos-12.png\" alt=\"\" class=\"wp-image-650\" srcset=\"https:\/\/tfcindustrial.com\/wp-content\/uploads\/2022\/12\/Confian-Logos-12.png 200w, https:\/\/tfcindustrial.com\/wp-content\/uploads\/2022\/12\/Confian-Logos-12-150x150.png 150w\" sizes=\"auto, (max-width: 200px) 100vw, 200px\" \/><\/figure>\n<\/div>\n\n\n\n<div class=\"wp-block-column is-layout-flow wp-block-column-is-layout-flow\">\n<figure class=\"wp-block-image size-full\"><img loading=\"lazy\" decoding=\"async\" width=\"200\" height=\"200\" src=\"https:\/\/tfcindustrial.com\/wp-content\/uploads\/2022\/12\/Confian-Logos-13.png\" alt=\"\" class=\"wp-image-651\" srcset=\"https:\/\/tfcindustrial.com\/wp-content\/uploads\/2022\/12\/Confian-Logos-13.png 200w, https:\/\/tfcindustrial.com\/wp-content\/uploads\/2022\/12\/Confian-Logos-13-150x150.png 150w\" sizes=\"auto, (max-width: 200px) 100vw, 200px\" \/><\/figure>\n<\/div>\n\n\n\n<div class=\"wp-block-column is-layout-flow wp-block-column-is-layout-flow\">\n<figure class=\"wp-block-image size-full\"><img loading=\"lazy\" decoding=\"async\" width=\"200\" height=\"200\" src=\"https:\/\/tfcindustrial.com\/wp-content\/uploads\/2022\/12\/Confian-Logos-14.png\" alt=\"\" class=\"wp-image-652\" srcset=\"https:\/\/tfcindustrial.com\/wp-content\/uploads\/2022\/12\/Confian-Logos-14.png 200w, https:\/\/tfcindustrial.com\/wp-content\/uploads\/2022\/12\/Confian-Logos-14-150x150.png 150w\" sizes=\"auto, (max-width: 200px) 100vw, 200px\" \/><\/figure>\n<\/div>\n\n\n\n<div class=\"wp-block-column is-layout-flow wp-block-column-is-layout-flow\">\n<figure class=\"wp-block-image size-full\"><img loading=\"lazy\" decoding=\"async\" width=\"200\" height=\"200\" src=\"https:\/\/tfcindustrial.com\/wp-content\/uploads\/2022\/12\/Confian-Logos-15.png\" alt=\"\" class=\"wp-image-653\" srcset=\"https:\/\/tfcindustrial.com\/wp-content\/uploads\/2022\/12\/Confian-Logos-15.png 200w, https:\/\/tfcindustrial.com\/wp-content\/uploads\/2022\/12\/Confian-Logos-15-150x150.png 150w\" sizes=\"auto, (max-width: 200px) 100vw, 200px\" \/><\/figure>\n<\/div>\n<\/div>\n<\/div>\n<\/div>\n<\/div>\n<\/div>\n<\/div><\/div>\n\n\n\n<div class=\"wp-block-tfc-blocks-tabulador maq_contenidor\"><div class=\"inner\">\n<div class=\"wp-block-columns is-not-stacked-on-mobile aos mod_logos is-layout-flex wp-container-core-columns-is-layout-9d6595d7 wp-block-columns-is-layout-flex\">\n<div class=\"wp-block-column is-layout-flow wp-block-column-is-layout-flow\">\n<figure class=\"wp-block-image size-full\"><img loading=\"lazy\" decoding=\"async\" width=\"200\" height=\"200\" src=\"https:\/\/tfcindustrial.com\/wp-content\/uploads\/2022\/12\/Confian-Logos-16.png\" alt=\"\" class=\"wp-image-654\" srcset=\"https:\/\/tfcindustrial.com\/wp-content\/uploads\/2022\/12\/Confian-Logos-16.png 200w, https:\/\/tfcindustrial.com\/wp-content\/uploads\/2022\/12\/Confian-Logos-16-150x150.png 150w\" sizes=\"auto, (max-width: 200px) 100vw, 200px\" \/><\/figure>\n<\/div>\n\n\n\n<div class=\"wp-block-column is-layout-flow wp-block-column-is-layout-flow\">\n<figure class=\"wp-block-image size-full\"><img loading=\"lazy\" decoding=\"async\" width=\"200\" height=\"200\" src=\"https:\/\/tfcindustrial.com\/wp-content\/uploads\/2022\/12\/Confian-Logos-17.png\" alt=\"\" class=\"wp-image-655\" srcset=\"https:\/\/tfcindustrial.com\/wp-content\/uploads\/2022\/12\/Confian-Logos-17.png 200w, https:\/\/tfcindustrial.com\/wp-content\/uploads\/2022\/12\/Confian-Logos-17-150x150.png 150w\" sizes=\"auto, (max-width: 200px) 100vw, 200px\" \/><\/figure>\n<\/div>\n\n\n\n<div class=\"wp-block-column is-layout-flow wp-block-column-is-layout-flow\">\n<figure class=\"wp-block-image size-full\"><img loading=\"lazy\" decoding=\"async\" width=\"200\" height=\"200\" src=\"https:\/\/tfcindustrial.com\/wp-content\/uploads\/2022\/12\/Confian-Logos-18.png\" alt=\"\" class=\"wp-image-656\" srcset=\"https:\/\/tfcindustrial.com\/wp-content\/uploads\/2022\/12\/Confian-Logos-18.png 200w, https:\/\/tfcindustrial.com\/wp-content\/uploads\/2022\/12\/Confian-Logos-18-150x150.png 150w\" sizes=\"auto, (max-width: 200px) 100vw, 200px\" \/><\/figure>\n<\/div>\n\n\n\n<div class=\"wp-block-column is-layout-flow wp-block-column-is-layout-flow\">\n<figure class=\"wp-block-image size-full\"><img loading=\"lazy\" decoding=\"async\" width=\"200\" height=\"200\" src=\"https:\/\/tfcindustrial.com\/wp-content\/uploads\/2022\/12\/Confian-Logos-19.png\" alt=\"\" class=\"wp-image-657\" srcset=\"https:\/\/tfcindustrial.com\/wp-content\/uploads\/2022\/12\/Confian-Logos-19.png 200w, https:\/\/tfcindustrial.com\/wp-content\/uploads\/2022\/12\/Confian-Logos-19-150x150.png 150w\" sizes=\"auto, (max-width: 200px) 100vw, 200px\" \/><\/figure>\n<\/div>\n<\/div>\n<\/div><\/div>\n\n\n\n<div class=\"wp-block-tfc-blocks-tabulador maq_contenidor\"><div class=\"inner\">\n<div class=\"wp-block-columns is-not-stacked-on-mobile aos mod_logos is-layout-flex wp-container-core-columns-is-layout-9d6595d7 wp-block-columns-is-layout-flex\">\n<div class=\"wp-block-column is-layout-flow wp-block-column-is-layout-flow\">\n<figure class=\"wp-block-image size-full\"><img loading=\"lazy\" decoding=\"async\" width=\"200\" height=\"200\" src=\"https:\/\/tfcindustrial.com\/wp-content\/uploads\/2022\/12\/Confian-Logos-20.png\" alt=\"\" class=\"wp-image-658\" srcset=\"https:\/\/tfcindustrial.com\/wp-content\/uploads\/2022\/12\/Confian-Logos-20.png 200w, https:\/\/tfcindustrial.com\/wp-content\/uploads\/2022\/12\/Confian-Logos-20-150x150.png 150w\" sizes=\"auto, (max-width: 200px) 100vw, 200px\" \/><\/figure>\n<\/div>\n\n\n\n<div class=\"wp-block-column is-layout-flow wp-block-column-is-layout-flow\"><\/div>\n\n\n\n<div class=\"wp-block-column is-layout-flow wp-block-column-is-layout-flow\"><\/div>\n\n\n\n<div class=\"wp-block-column is-layout-flow wp-block-column-is-layout-flow\"><\/div>\n<\/div>\n<\/div><\/div>\n\n\n\n<div style=\"height:80px\" aria-hidden=\"true\" class=\"wp-block-spacer\"><\/div>\n\n\n\n<figure class=\"wp-block-image size-full aos\"><img loading=\"lazy\" decoding=\"async\" width=\"2500\" height=\"1163\" src=\"https:\/\/tfcindustrial.com\/wp-content\/uploads\/2022\/11\/Confian-en-04.jpg\" alt=\"\" class=\"wp-image-230\" srcset=\"https:\/\/tfcindustrial.com\/wp-content\/uploads\/2022\/11\/Confian-en-04.jpg 2500w, https:\/\/tfcindustrial.com\/wp-content\/uploads\/2022\/11\/Confian-en-04-300x140.jpg 300w, https:\/\/tfcindustrial.com\/wp-content\/uploads\/2022\/11\/Confian-en-04-1024x476.jpg 1024w, https:\/\/tfcindustrial.com\/wp-content\/uploads\/2022\/11\/Confian-en-04-768x357.jpg 768w, https:\/\/tfcindustrial.com\/wp-content\/uploads\/2022\/11\/Confian-en-04-1536x715.jpg 1536w, https:\/\/tfcindustrial.com\/wp-content\/uploads\/2022\/11\/Confian-en-04-2048x953.jpg 2048w\" sizes=\"auto, (max-width: 2500px) 100vw, 2500px\" \/><\/figure>\n\n\n\n<div style=\"height:80px\" aria-hidden=\"true\" class=\"wp-block-spacer\"><\/div>\n","protected":false},"excerpt":{"rendered":"<p>Qu\u00e8 cal per delegar amb total tranquil\u00b7litat? Ni m\u00e9s ni menys que confian\u00e7a. Sense confian\u00e7a no podr\u00edem dur a terme activitats tan b\u00e0siques com deixar els nostres fills a l&#8217;escola o menjar a un restaurant. A les empreses passa el mateix. Quan la confian\u00e7a \u00e9s m\u00fatua, transforma les relacions impersonals i crea un entorn on [&hellip;]<\/p>\n","protected":false},"author":1,"featured_media":0,"parent":0,"menu_order":0,"comment_status":"closed","ping_status":"closed","template":"","meta":{"footnotes":""},"class_list":["post-1538","page","type-page","status-publish","hentry"],"_links":{"self":[{"href":"https:\/\/tfcindustrial.com\/ca\/wp-json\/wp\/v2\/pages\/1538","targetHints":{"allow":["GET"]}}],"collection":[{"href":"https:\/\/tfcindustrial.com\/ca\/wp-json\/wp\/v2\/pages"}],"about":[{"href":"https:\/\/tfcindustrial.com\/ca\/wp-json\/wp\/v2\/types\/page"}],"author":[{"embeddable":true,"href":"https:\/\/tfcindustrial.com\/ca\/wp-json\/wp\/v2\/users\/1"}],"replies":[{"embeddable":true,"href":"https:\/\/tfcindustrial.com\/ca\/wp-json\/wp\/v2\/comments?post=1538"}],"version-history":[{"count":3,"href":"https:\/\/tfcindustrial.com\/ca\/wp-json\/wp\/v2\/pages\/1538\/revisions"}],"predecessor-version":[{"id":1875,"href":"https:\/\/tfcindustrial.com\/ca\/wp-json\/wp\/v2\/pages\/1538\/revisions\/1875"}],"wp:attachment":[{"href":"https:\/\/tfcindustrial.com\/ca\/wp-json\/wp\/v2\/media?parent=1538"}],"curies":[{"name":"wp","href":"https:\/\/api.w.org\/{rel}","templated":true}]}}