{"id":1535,"date":"2022-12-02T19:39:48","date_gmt":"2022-12-02T17:39:48","guid":{"rendered":"https:\/\/tfcindustrial.com\/contacto\/"},"modified":"2023-03-13T13:00:57","modified_gmt":"2023-03-13T11:00:57","slug":"contacte","status":"publish","type":"page","link":"https:\/\/tfcindustrial.com\/ca\/contacte\/","title":{"rendered":"Contacte"},"content":{"rendered":"\n<div class=\"wp-block-tfc-blocks-cabecera maq_contenidor\"><div class=\"mod_cabecera slider js_slider mes_alt\">\n<div class=\"wp-block-tfc-blocks-cabecera-imagen\"><div class=\"img\" style=\"background-image:url('https:\/\/tfcindustrial.com\/wp-content\/uploads\/2022\/12\/contacto-01.jpg')\"><div class=\"text\"><h2 class=\"com_titular_1 com_color_tfc\">T&#8217;ajudem a<br>millorar la teva<br>ind\u00fastria?<\/h2><\/div><\/div><\/div>\n<\/div><\/div>\n\n\n\n<div style=\"height:100px\" aria-hidden=\"true\" class=\"wp-block-spacer\"><\/div>\n\n\n\n<div class=\"wp-block-tfc-blocks-contacte mod_contacte aos\"><div class=\"maq_contenidor\"><div class=\"maq_cols gutter cols_3\"><div class=\"col\"><h2 class=\"com_titular_4 \">Ens hem convertit al llarg de la nostra llarga activitat, un referent en enginyeria, metal\u00b7l\u00fargia i mec\u00e0nica industrial.<br><br>Et podem ajudar&#8230; i junts arribar encara m\u00e9s lluny.<\/h2><\/div><div class=\"col col-doble\"><div class=\"shortcode\"><a class=\"anchor\" id=\"form\"><\/a><form method=\"post\" action=\"https:\/\/tfcindustrial.com\/ca\/contacte\/#form\" class=\"validable\" id=\"contact_form\"><fieldset>\r\n            <label>01 Nom<\/label>\r\n            <input type=\"text\" name=\"nom\" value=\"\" class=\"js_text_3\" \/>\r\n        <\/fieldset>\r\n        <fieldset>\r\n            <label>02 Email<\/label>\r\n            <input type=\"text\" name=\"email\" value=\"\" class=\"js_email\" \/>\r\n        <\/fieldset>\r\n        <fieldset>\r\n            <label>03 Tel\u00e8fon<\/label>\r\n            <input type=\"text\" name=\"tel\" value=\"\" class=\"js_phone\" \/>\r\n        <\/fieldset>\r\n        <fieldset>\r\n            <label>04 Direcci\u00f3<\/label>\r\n            <input type=\"text\" name=\"adreca\" value=\"\" class=\"js_text_6\" \/>\r\n        <\/fieldset>\r\n        <fieldset class=\"comentari\">\r\n            <label>05 Explica'ns<\/label>\r\n\t\t\t<textarea name=\"missatge\" class=\"js_text_6\"><\/textarea>\r\n        <\/fieldset>\r\n\t\t<div class=\"error_validation_message\">\r\n\t\t\t<p>Si su plau, comproba els camps marcats en vermell<\/p>\r\n\t\t<\/div>\r\n        <fieldset class=\"final\">\r\n            <div class=\"checkboxes\">\r\n                <p class=\"req\"><input type=\"checkbox\" name=\"accepto\" value=\"1\" class=\"js_requerido\" \/> <label>Accepto les condicions del servei<\/label><\/p>\r\n                <p><input type=\"checkbox\" name=\"newsletter\" value=\"1\" checked \/> <label>Vull subscriure'm a la newsletter<\/label><\/p>\r\n            <\/div>\r\n            <p class=\"com_more\"><button name=\"Submit\" class=\"com_more sendbutton g-recaptcha\" data-sitekey=\"6Lfmzr4kAAAAAMXXUyf9TPxD9_IUGVDIl48LunBW\" data-callback=\"onSubmitContactForm\" data-action=\"submit\">Enviar <span class=\"icon-dreta\"><\/span><\/button><\/p>            \r\n        <\/fieldset>\r\n        <input type=\"hidden\" name=\"accio\" value=\"contacte\"\/>\r\n    <\/form><\/div><\/div><\/div><\/div><\/div>\n\n\n\n<div class=\"wp-block-tfc-blocks-enginyeriaserveis mod_enginyeria_serveis aos\"><div class=\"maq_contenidor\"><h2 class=\"com_titular_2 com_color_gris_clar com_titular_col_2_3\">Enginyeria i<br>Serveis Industrials<\/h2><div class=\"mod_projectes\"><div class=\"shortcode\"><ul><li ><a href=\"https:\/\/tfcindustrial.com\/ca\/enginyeria-servei\/enginyeria\/\">Enginyeria <span class=\"icon-projectes\"><\/span><\/a><\/li><li ><a href=\"https:\/\/tfcindustrial.com\/ca\/enginyeria-servei\/caldereria\/\">Caldereria <span class=\"icon-formats\"><\/span><\/a><\/li><li ><a href=\"https:\/\/tfcindustrial.com\/ca\/enginyeria-servei\/canonades\/\">Canonades <span class=\"icon-caldereria\"><\/span><\/a><\/li><li ><a href=\"https:\/\/tfcindustrial.com\/ca\/enginyeria-servei\/seguretat\/\">Seguretat <span class=\"icon-verticals\"><\/span><\/a><\/li><li ><a href=\"https:\/\/tfcindustrial.com\/ca\/enginyeria-servei\/estructures\/\">Estructures <span class=\"icon-soldadura\"><\/span><\/a><\/li><li ><a href=\"https:\/\/tfcindustrial.com\/ca\/enginyeria-servei\/mecanica-i-manteniment-industrial\/\">Mec\u00e0nica i manteniment industrial <span class=\"icon-manteniment\"><\/span><\/a><\/li><li ><a href=\"https:\/\/tfcindustrial.com\/ca\/enginyeria-servei\/arquitectura-i-disseny\/\">Arquitectura i disseny <span class=\"icon-serralleria\"><\/span><\/a><\/li><\/ul><\/div><\/div><\/div><\/div>\n","protected":false},"excerpt":{"rendered":"","protected":false},"author":1,"featured_media":0,"parent":0,"menu_order":0,"comment_status":"closed","ping_status":"closed","template":"","meta":{"footnotes":""},"class_list":["post-1535","page","type-page","status-publish","hentry"],"_links":{"self":[{"href":"https:\/\/tfcindustrial.com\/ca\/wp-json\/wp\/v2\/pages\/1535","targetHints":{"allow":["GET"]}}],"collection":[{"href":"https:\/\/tfcindustrial.com\/ca\/wp-json\/wp\/v2\/pages"}],"about":[{"href":"https:\/\/tfcindustrial.com\/ca\/wp-json\/wp\/v2\/types\/page"}],"author":[{"embeddable":true,"href":"https:\/\/tfcindustrial.com\/ca\/wp-json\/wp\/v2\/users\/1"}],"replies":[{"embeddable":true,"href":"https:\/\/tfcindustrial.com\/ca\/wp-json\/wp\/v2\/comments?post=1535"}],"version-history":[{"count":2,"href":"https:\/\/tfcindustrial.com\/ca\/wp-json\/wp\/v2\/pages\/1535\/revisions"}],"predecessor-version":[{"id":1712,"href":"https:\/\/tfcindustrial.com\/ca\/wp-json\/wp\/v2\/pages\/1535\/revisions\/1712"}],"wp:attachment":[{"href":"https:\/\/tfcindustrial.com\/ca\/wp-json\/wp\/v2\/media?parent=1535"}],"curies":[{"name":"wp","href":"https:\/\/api.w.org\/{rel}","templated":true}]}}