{"id":1530,"date":"2022-12-22T19:17:40","date_gmt":"2022-12-22T17:17:40","guid":{"rendered":"https:\/\/tfcindustrial.com\/aviso-legal\/"},"modified":"2023-03-13T14:37:46","modified_gmt":"2023-03-13T12:37:46","slug":"avis-legal","status":"publish","type":"page","link":"https:\/\/tfcindustrial.com\/ca\/avis-legal\/","title":{"rendered":"Av\u00eds legal"},"content":{"rendered":"\n<div class=\"wp-block-tfc-blocks-cabecera maq_contenidor\"><div class=\"mod_cabecera slider js_slider mes_alt\">\n<div class=\"wp-block-tfc-blocks-cabecera-video amb_video\"><div class=\"img\"><div class=\"text\"><h2 class=\"com_titular_1 com_color_tfc\">Av\u00eds legal<\/h2><\/div><div class=\"ytPlayer autoplay\" data-id-yt=\"XdkUrU3QqjM\"><\/div><\/div><\/div>\n<\/div><\/div>\n\n\n\n<div style=\"height:100px\" aria-hidden=\"true\" class=\"wp-block-spacer\"><\/div>\n\n\n\n<p>Este aviso legal regula el uso permitido de la p\u00e1gina\u00a0<a href=\"http:\/\/www.tfcindustrial.com\" data-type=\"URL\" data-id=\"www.tfcindustrial.com\">www.tfcindustrial.com\u00a0<\/a>seg\u00fan lo dispuesto a continuaci\u00f3n:<\/p>\n\n\n\n<p><\/p>\n\n\n\n<p><\/p>\n\n\n\n<p><\/p>\n\n\n\n<p>Aquest av\u00eds legal regula l&#8217;\u00fas perm\u00e8s de la p\u00e0gina www.tfcindustrial.com segons el que es disposa a continuaci\u00f3:<\/p>\n\n\n\n<p class=\"is-style-tfc-titular-petit\">1.<br>Compliment LSSI: Article 10 Llei 34\/2002, de 11 de juliol, de serveis a la societat de la informaci\u00f3 i comer\u00e7 electr\u00f2nic.<\/p>\n\n\n\n<ul class=\"wp-block-list\">\n<li>Titular de la web: TALLER FERRER COMAS SL (d&#8217;ara endavant, &#8220;El Prestador del Servei&#8221;)<\/li>\n\n\n\n<li>Adre\u00e7a: CC. Sant Procopi 4, 08787 La Pobla de Claramunt (Barcelona).<\/li>\n\n\n\n<li>NIF.: B64401847.<\/li>\n<\/ul>\n\n\n\n<p class=\"is-style-tfc-titular-mini\">2.<br>Propietat intel\u00b7lectual i responsabilitat sobre els continguts.<\/p>\n\n\n\n<p>1. Els drets de propietat intel\u00b7lectual de la present p\u00e0gina web (www.tfcindustrial.com), el seu codi font, disseny, fotografies, textos, estructura de navegaci\u00f3, bases de dades i diferents elements que s&#8217;hi contenen, s\u00f3n titularitat del Prestador del Servei , a qui correspon lexercici exclusiu dels drets dexplotaci\u00f3 en qualsevol forma i, en especial, els drets de reproducci\u00f3, distribuci\u00f3, comunicaci\u00f3 p\u00fablica i transformaci\u00f3.<\/p>\n\n\n\n<p>2. Queda prohibit qualsevol \u00fas de tots els continguts de la p\u00e0gina web, concretament sobre els textos, disseny, obres, marques, logotips, codi font i qualsevol altre susceptible de protecci\u00f3, sense lautoritzaci\u00f3 expressa dels seus titulars. Qualsevol \u00fas no perm\u00e8s ser\u00e0 degudament perseguit pels propietaris leg\u00edtims. Igualment, tots els noms comercials, marques o signes distintius de qualsevol classe continguts a la p\u00e0gina web estan protegits per la llei.<\/p>\n\n\n\n<p>3. El titular de la p\u00e0gina web no es fa responsable dels continguts a qu\u00e8 s&#8217;adrecen els enlla\u00e7os ubicats en aquesta, segons el que estableix l&#8217;article 17 de la LSSICE.<\/p>\n\n\n\n<p>4. Els usuaris no podran emprar els continguts de la web, podent agafar-los, reproduir-los i distribuir-los, ni utilitzar-los amb fins comercials ni manipular-los i fer obres derivades, sense haver obtingut abans el consentiment o autoritzaci\u00f3 del Prestador del Servei.<\/p>\n\n\n\n<p>A m\u00e9s, qualsevol altra forma d&#8217;explotaci\u00f3, diferent de l&#8217;esmentada al par\u00e0graf anterior, per qualsevol procediment, de tot o part dels continguts d&#8217;aquesta p\u00e0gina web constituir\u00e0 una infracci\u00f3 dels drets de propietat intel\u00b7lectual i\/o industrial de la Companyia o del titular dels mateixos, podent donar lloc a l&#8217;exercici per part del prestador del Servei de totes les accions judicials o extrajudicials que els poguessin correspondre en exercici dels seus drets.<\/p>\n\n\n\n<p>Aix\u00ed mateix, la informaci\u00f3 a qu\u00e8 l&#8217;Usuari pot accedir a trav\u00e9s del web pot estar protegida per drets de propietat industrial, intel\u00b7lectual o de qualsevol altra \u00edndole. En conseq\u00fc\u00e8ncia, el prestador del servei no ser\u00e0 responsable en cap cas i sota cap concepte de les infraccions que pugui cometre l&#8217;usuari en relaci\u00f3 amb aquests drets.<\/p>\n\n\n\n<p class=\"is-style-tfc-titular-petit\">3.<br>Condicions d\u00fas.<\/p>\n\n\n\n<p>Pel que fa a la web, l&#8217;usuari pot visualitzar, imprimir i descarregar-se parcialment el contingut de la web, \u00fanicament si concorren les situacions seg\u00fcents:<\/p>\n\n\n\n<ul class=\"wp-block-list\">\n<li>Que sigui compatible amb la finalitat del lloc web.<\/li>\n\n\n\n<li>Que es realitzi amb l&#8217;\u00e0nim exclusiu d&#8217;obtenir la informaci\u00f3 continguda per a \u00fas personal i privat. Es prohibeix aix\u00ed, expressament, la utilitzaci\u00f3 amb finalitats comercials.<\/li>\n\n\n\n<li>Que cap gr\u00e0fic, icona o imatge disponible a la web sigui utilitzat, copiat o distribu\u00eft separadament del text o la resta d&#8217;imatges que l&#8217;acompanyen.<\/li>\n<\/ul>\n\n\n\n<p>L&#8217;Usuari es compromet a utilitzar la p\u00e0gina web, els continguts i serveis de conformitat amb la Llei, aquest Av\u00eds Legal, els bons costums i l&#8217;ordre p\u00fablic. De la mateixa manera, l&#8217;Usuari s&#8217;obliga a no utilitzar la p\u00e0gina web, els seus continguts o serveis que es prestin a trav\u00e9s d&#8217;aquesta amb fins o efectes il\u00b7l\u00edcits, sent contraris a aquesta pol\u00edtica legal, o lesius d&#8217;interessos o drets de tercers o que doni qualsevol altra forma, pugui danyar, inutilitzar, fer inaccessibles o deteriorar la p\u00e0gina web, els seus continguts o els seus serveis o impedir-ne un \u00fas normal per part d&#8217;altres usuaris.<\/p>\n\n\n\n<p>Aix\u00ed mateix, l&#8217;Usuari es compromet expressament a no destruir, alterar, inutilitzar o, de qualsevol altra manera, fer malb\u00e9 les dades, programes o documents electr\u00f2nics que es trobin a la Web.<br>Tot d&#8217;acord amb all\u00f2 indicat al punt 2.4 anterior.<\/p>\n\n\n\n<p class=\"is-style-tfc-titular-petit\">4.<br>Modificacions a la web i condicions d&#8217;\u00fas<\/p>\n\n\n\n<p>El Prestador del Servei es reserva el dret de modificar i actualitzar la informaci\u00f3 continguda a la web, aix\u00ed com la configuraci\u00f3, la presentaci\u00f3 i les condicions d&#8217;acc\u00e9s. Aix\u00ed mateix, el Prestador del Servei es reserva el dret d&#8217;actualitzar aquest av\u00eds legal sense av\u00eds previ als usuaris, quan aix\u00ed la normativa o l&#8217;actualitat ho requereixi.<\/p>\n\n\n\n<p class=\"is-style-tfc-titular-petit\">5.<br>Limitaci\u00f3 de responsabilitat<\/p>\n\n\n\n<p>El Prestador del Servei no garanteix la inexist\u00e8ncia d&#8217;errors o interrupcions en l&#8217;acc\u00e9s a la web o al seu contingut ni que aquest estigui actualitzat. Si b\u00e9, el Prestador del Servei emprendr\u00e0 totes les accions que estiguin a la vostra disposici\u00f3 per a la soluci\u00f3 de qualsevol error, desconnexi\u00f3 o manca d&#8217;actualitzaci\u00f3 que es pugui produir a la web.<\/p>\n\n\n\n<p>Tant l&#8217;acc\u00e9s a la web com l&#8217;\u00fas no consentit que es pugui efectuar de la informaci\u00f3 continguda \u00e9s de responsabilitat exclusiva de qui el realitza. Aix\u00ed, el prestador del servei no es responsabilitza de qualsevol conseq\u00fc\u00e8ncia, dany o perjudici que es pugui derivar de l&#8217;acc\u00e9s o l&#8217;\u00fas esmentat per part de tercers.<\/p>\n\n\n\n<p>El prestador del servei tampoc no es responsabilitza dels errors de seguretat o danys que es puguin produir com a conseq\u00fc\u00e8ncia de:<\/p>\n\n\n\n<ul class=\"wp-block-list\">\n<li>La pres\u00e8ncia d&#8217;un virus a l&#8217;ordinador dels usuaris que sigui utilitzat per a la connexi\u00f3 amb els serveis i els continguts de la web.<\/li>\n\n\n\n<li>Un mal funcionament del navegador.<\/li>\n\n\n\n<li>\u00das de versions no actualitzades del navegador.<\/li>\n<\/ul>\n\n\n\n<p>El Prestador del Servei no garanteix l&#8217;abs\u00e8ncia de virus o altres elements en els continguts que puguin produir alteracions al sistema inform\u00e0tic (hardware i software), als documents o fitxers dels usuaris.<\/p>\n\n\n\n<p class=\"is-style-tfc-titular-petit\">6.<br>Legislaci\u00f3 aplicable i jurisdicci\u00f3 competent.<\/p>\n\n\n\n<p>Aquesta pol\u00edtica legal queda subjecta al que estableixen les lleis espanyoles. Per a qualsevol conflicte derivat de la interpretaci\u00f3 de les mateixes, les parts se sotmeten a la jurisdicci\u00f3 dels Tribunals de la ciutat de Barcelona (Espanya), sempre que aix\u00f2 no sigui contrari al que disposa l&#8217;article 29 de la LSSI.<\/p>\n\n\n\n<p><\/p>\n","protected":false},"excerpt":{"rendered":"<p>Este aviso legal regula el uso permitido de la p\u00e1gina\u00a0www.tfcindustrial.com\u00a0seg\u00fan lo dispuesto a continuaci\u00f3n: Aquest av\u00eds legal regula l&#8217;\u00fas perm\u00e8s de la p\u00e0gina www.tfcindustrial.com segons el que es disposa a continuaci\u00f3: 1.Compliment LSSI: Article 10 Llei 34\/2002, de 11 de juliol, de serveis a la societat de la informaci\u00f3 i comer\u00e7 electr\u00f2nic. 2.Propietat intel\u00b7lectual i [&hellip;]<\/p>\n","protected":false},"author":1,"featured_media":0,"parent":0,"menu_order":0,"comment_status":"closed","ping_status":"closed","template":"","meta":{"footnotes":""},"class_list":["post-1530","page","type-page","status-publish","hentry"],"_links":{"self":[{"href":"https:\/\/tfcindustrial.com\/ca\/wp-json\/wp\/v2\/pages\/1530","targetHints":{"allow":["GET"]}}],"collection":[{"href":"https:\/\/tfcindustrial.com\/ca\/wp-json\/wp\/v2\/pages"}],"about":[{"href":"https:\/\/tfcindustrial.com\/ca\/wp-json\/wp\/v2\/types\/page"}],"author":[{"embeddable":true,"href":"https:\/\/tfcindustrial.com\/ca\/wp-json\/wp\/v2\/users\/1"}],"replies":[{"embeddable":true,"href":"https:\/\/tfcindustrial.com\/ca\/wp-json\/wp\/v2\/comments?post=1530"}],"version-history":[{"count":1,"href":"https:\/\/tfcindustrial.com\/ca\/wp-json\/wp\/v2\/pages\/1530\/revisions"}],"predecessor-version":[{"id":1766,"href":"https:\/\/tfcindustrial.com\/ca\/wp-json\/wp\/v2\/pages\/1530\/revisions\/1766"}],"wp:attachment":[{"href":"https:\/\/tfcindustrial.com\/ca\/wp-json\/wp\/v2\/media?parent=1530"}],"curies":[{"name":"wp","href":"https:\/\/api.w.org\/{rel}","templated":true}]}}